{"id":7911,"date":"2025-09-16T17:18:16","date_gmt":"2025-09-16T17:18:16","guid":{"rendered":"https:\/\/lagaleriaroja.com\/?post_type=product&#038;p=7911"},"modified":"2025-10-19T09:54:36","modified_gmt":"2025-10-19T09:54:36","slug":"curso-online-exploracion-creativa-en-el-diseno-de-personajes-con-cristina-martinez","status":"publish","type":"product","link":"https:\/\/lagaleriaroja.com\/en\/producto\/curso-online-exploracion-creativa-en-el-diseno-de-personajes-con-cristina-martinez\/","title":{"rendered":"CURSO ONLINE: Exploraci\u00f3n Creativa en el Dise\u00f1o de Personajes con Cristina Mart\u00ednez."},"content":{"rendered":"<p><strong>CURSO ONLINE: Exploraci\u00f3n Creativa en el Dise\u00f1o de Personajes con Cristina Mart\u00ednez.\u00a0<\/strong><\/p>\n<p><strong>Duraci\u00f3n<\/strong>: 4 semanas. Octubre a noviembre de 2025.<\/p>\n<p><strong>Horario<\/strong>: 05:30pm a 08:30pm(Hora peninsular, Espa\u00f1a)<\/p>\n<p><strong>Niveles<\/strong>: Todos los niveles son bienvenidos.<\/p>\n<p><strong>Formato<\/strong>: Clases en directo con demos, ejercicios, feedback y tutor\u00edas. Las clases tambi\u00e9n quedar\u00e1n grabadas.<\/p>\n<p><strong>Idioma<\/strong> durante el taller: Espa\u00f1ol.<\/p>\n<p><strong>Precio<\/strong>: 300\u20ac<\/p>\n<p><strong>PLAZAS LIMITADAS. 12 M\u00c1XIMO.<\/strong><\/p>\n<p><strong>Semana 1: Introducci\u00f3n y din\u00e1mica de clases<\/strong><\/p>\n<p>Jueves 23 de octubre. 5:30 pm. a 8:30 p.m.<br \/>\nMartes 28 de octubre 5:30 pm. a 8:30 p.m.<br \/>\nMi\u00e9rcoles 29 de octubre 5:30 pm. a 8:30 p.m<\/p>\n<p>Presentaci\u00f3n y objetivos del curso.<\/p>\n<p>Ejercicios para encontrar ideas e inspiraci\u00f3n evitando la repetici\u00f3n.<\/p>\n<p>Exploraci\u00f3n de diferentes lenguajes visuales y dise\u00f1os.<\/p>\n<p>Enfoque especial en la l\u00ednea como base expresiva.<\/p>\n<p><strong>Semana 2: Fundamentos del dibujo gestual y dise\u00f1o de personajes<\/strong><\/p>\n<p>Jueves 30 de octubre. 5:30 pm. a 8:30 p.m.<br \/>\nLunes 3 de noviembre 5:30 pm. a 8:30 p.m.<br \/>\nMartes 4 de noviembre. 5:30 pm. a 8:30 p.m.<\/p>\n<p>Pr\u00e1cticas de dibujo gestual para ganar soltura y fluidez.<\/p>\n<p>Fundamentos esenciales del dise\u00f1o de personajes.<\/p>\n<p>Life drawing (dibujo del natural) como herramienta de observaci\u00f3n.<\/p>\n<p>Ejercicios de dibujo de memoria para fortalecer la retentiva visual.<\/p>\n<p><strong>Semana 3: Hacer nuestros dise\u00f1os m\u00e1s interesantes<\/strong><\/p>\n<div>Jueves 6 de noviembre. 5:30 pm. a 8:30 p.m.<\/div>\n<div>Lunes 10 de noviembre.\u00a0 5:30 pm. a 8:30 p.m.<br \/>\nMartes 11 de noviembre 5:30 pm. a 8:30 p.m.<\/div>\n<p>Estrategias para mejorar habilidades espec\u00edficas (anatom\u00eda, forma, ritmo visual, etc.).<\/p>\n<p>Uso de referencias: arte cl\u00e1sico, anime, ilustraci\u00f3n contempor\u00e1nea, pintura, fotograf\u00eda.<\/p>\n<p>C\u00f3mo presentar nuestros dise\u00f1os de forma est\u00e9tica y profesional.<\/p>\n<p><strong>Semana 4: Creatividad, estilo y narrativa visual<\/strong><\/p>\n<div>Jueves 13 de octubre. 5:30 pm. a 8:30 p.m.<\/div>\n<div>Lunes 17 de noviembre.\u00a0 5:30 pm. a 8:30 p.m.<br \/>\nMartes 18 de noviembre 5:30 pm. a 8:30 p.m.<\/div>\n<p>M\u00e9todos para cosechar ideas y evitar el art block.<\/p>\n<p>Estudios pr\u00e1cticos para mejorar ilustraciones y darles mayor impacto.<\/p>\n<p>B\u00fasqueda y construcci\u00f3n de un estilo propio.<\/p>\n<p>Enfoque en el storytelling: c\u00f3mo contar historias a trav\u00e9s de la ilustraci\u00f3n y el dise\u00f1o.<\/p>\n<p><strong>Conclusiones del curso<\/strong>:<\/p>\n<p>S\u00edntesis de lo aprendido: desde los fundamentos hasta el estilo personal.<\/p>\n<p>Revisi\u00f3n del progreso individual.<\/p>\n<p>Consejos y pr\u00f3ximos pasos para seguir desarrollando una voz visual \u00fanica.<\/p>\n<p>\u25fe<strong>Materiales recomendados<\/strong>: Pc o port\u00e1til, tableta y photoshop. L\u00e1piz y papel.<br \/>\n\u25feCualquier cuesti\u00f3n o duda al mail: info@lagaleriaroja.com<\/p>\n<p><strong>*Preguntas frecuentes<\/strong>:<\/p>\n<p>\u00bfQu\u00e9 pasa si un d\u00eda no puedo ver las clases en vivo?<\/p>\n<p>\u2022 Ning\u00fan problema. Todas las clases son en vivo pero tambi\u00e9n ser\u00e1n grabadas y publicadas en nuestra plataforma. Para que puedas verlos cuando quieras durante la duraci\u00f3n del curso. Esto significa que si no puedes asistir a tu clase en vivo a la hora estipulada, podr\u00e1s verlas en la plataforma hasta el final del curso. Estas videoclases publicadas en la plataforma se pueden visualizar de forma ilimitada durante la duraci\u00f3n del curso pero no se pueden copiar ni descargar. Tambi\u00e9n se podr\u00e1n visualizar durante 6 meses una vez finalizado el curso.<\/p>\n<p>\u00bfCu\u00e1ndo puedo ver en vivo las clases a las que no asist\u00ed?<\/p>\n<p>\u2022 Acceso a la plataforma virtual donde podr\u00e1s consultar toda la informaci\u00f3n o documentaci\u00f3n del curso, acceder a todas las clases ya impartidas o a los ejercicios propuestos.<\/p>\n","protected":false},"excerpt":{"rendered":"<p><strong>CURSO ONLINE: Exploraci\u00f3n Creativa en el Dise\u00f1o de Personajes con Cristina Mart\u00ednez.\u00a0<\/strong><\/p>\n<p><strong>Duraci\u00f3n<\/strong>: 4 semanas. Octubre a noviembre de 2025.<\/p>\n<p><strong>Horario<\/strong>: 05:30pm a 08:30pm(Hora peninsular, Espa\u00f1a)<\/p>\n<p><strong>Niveles<\/strong>: Todos los niveles son bienvenidos.<\/p>\n<p><strong>Formato<\/strong>: Clases en directo con demos, ejercicios, feedback y tutor\u00edas. Las clases tambi\u00e9n quedar\u00e1n grabadas.<\/p>\n<p><strong>Idioma<\/strong> durante el taller: Espa\u00f1ol.<\/p>\n<p><strong>Precio<\/strong>: 300\u20ac<\/p>\n<p><strong>PLAZAS LIMITADAS. 12 M\u00c1XIMO.<\/strong><\/p>\n<p><strong>Semana 1: Introducci\u00f3n y din\u00e1mica de clases<\/strong><\/p>\n<p>Jueves 23 de octubre. 5:30 pm. a 8:30 p.m.<br \/>\nMartes 28 de octubre 5:30 pm. a 8:30 p.m.<br \/>\nMi\u00e9rcoles 29 de octubre 5:30 pm. a 8:30 p.m<\/p>\n<p>Presentaci\u00f3n y objetivos del curso.<\/p>\n<p>Ejercicios para encontrar ideas e inspiraci\u00f3n evitando la repetici\u00f3n.<\/p>\n<p>Exploraci\u00f3n de diferentes lenguajes visuales y dise\u00f1os.<\/p>\n<p>Enfoque especial en la l\u00ednea como base expresiva.<\/p>\n<p><strong>Semana 2: Fundamentos del dibujo gestual y dise\u00f1o de personajes<\/strong><\/p>\n<p>Jueves 30 de octubre. 5:30 pm. a 8:30 p.m.<br \/>\nLunes 3 de noviembre 5:30 pm. a 8:30 p.m.<br \/>\nMartes 4 de noviembre. 5:30 pm. a 8:30 p.m.<\/p>\n<p>Pr\u00e1cticas de dibujo gestual para ganar soltura y fluidez.<\/p>\n<p>Fundamentos esenciales del dise\u00f1o de personajes.<\/p>\n<p>Life drawing (dibujo del natural) como herramienta de observaci\u00f3n.<\/p>\n<p>Ejercicios de dibujo de memoria para fortalecer la retentiva visual.<\/p>\n<p><strong>Semana 3: Hacer nuestros dise\u00f1os m\u00e1s interesantes<\/strong><\/p>\n<div>Jueves 6 de noviembre. 5:30 pm. a 8:30 p.m.<\/div>\n<div>Lunes 10 de noviembre.\u00a0 5:30 pm. a 8:30 p.m.<br \/>\nMartes 11 de noviembre 5:30 pm. a 8:30 p.m.<\/div>\n<p>Estrategias para mejorar habilidades espec\u00edficas (anatom\u00eda, forma, ritmo visual, etc.).<\/p>\n<p>Uso de referencias: arte cl\u00e1sico, anime, ilustraci\u00f3n contempor\u00e1nea, pintura, fotograf\u00eda.<\/p>\n<p>C\u00f3mo presentar nuestros dise\u00f1os de forma est\u00e9tica y profesional.<\/p>\n<p><strong>Semana 4: Creatividad, estilo y narrativa visual<\/strong><\/p>\n<div>Jueves 13 de octubre. 5:30 pm. a 8:30 p.m.<\/div>\n<div>Lunes 17 de noviembre.\u00a0 5:30 pm. a 8:30 p.m.<br \/>\nMartes 18 de noviembre 5:30 pm. a 8:30 p.m.<\/div>\n<p>M\u00e9todos para cosechar ideas y evitar el art block.<\/p>\n<p>Estudios pr\u00e1cticos para mejorar ilustraciones y darles mayor impacto.<\/p>\n<p>B\u00fasqueda y construcci\u00f3n de un estilo propio.<\/p>\n<p>Enfoque en el storytelling: c\u00f3mo contar historias a trav\u00e9s de la ilustraci\u00f3n y el dise\u00f1o.<\/p>\n<p><strong>Conclusiones del curso<\/strong>:<\/p>\n<p>S\u00edntesis de lo aprendido: desde los fundamentos hasta el estilo personal.<\/p>\n<p>Revisi\u00f3n del progreso individual.<\/p>\n<p>Consejos y pr\u00f3ximos pasos para seguir desarrollando una voz visual \u00fanica.<\/p>\n<p>\u25fe<strong>Materiales recomendados<\/strong>: Pc o port\u00e1til, tableta y photoshop. L\u00e1piz y papel.<br \/>\n\u25feCualquier cuesti\u00f3n o duda al mail: info@lagaleriaroja.com<\/p>\n<p><strong>*Preguntas frecuentes<\/strong>:<\/p>\n<p>\u00bfQu\u00e9 pasa si un d\u00eda no puedo ver las clases en vivo?<\/p>\n<p>\u2022 Ning\u00fan problema. Todas las clases son en vivo pero tambi\u00e9n ser\u00e1n grabadas y publicadas en nuestra plataforma. Para que puedas verlos cuando quieras durante la duraci\u00f3n del curso. Esto significa que si no puedes asistir a tu clase en vivo a la hora estipulada, podr\u00e1s verlas en la plataforma hasta el final del curso. Estas videoclases publicadas en la plataforma se pueden visualizar de forma ilimitada durante la duraci\u00f3n del curso pero no se pueden copiar ni descargar. Tambi\u00e9n se podr\u00e1n visualizar durante 6 meses una vez finalizado el curso.<\/p>\n<p>\u00bfCu\u00e1ndo puedo ver en vivo las clases a las que no asist\u00ed?<\/p>\n<p>\u2022 Acceso a la plataforma virtual donde podr\u00e1s consultar toda la informaci\u00f3n o documentaci\u00f3n del curso, acceder a todas las clases ya impartidas o a los ejercicios propuestos.<\/p>\n","protected":false},"featured_media":7915,"comment_status":"open","ping_status":"closed","template":"","meta":{"_acf_changed":false},"product_brand":[],"product_cat":[105],"product_tag":[],"class_list":{"0":"post-7911","1":"product","2":"type-product","3":"status-publish","4":"has-post-thumbnail","6":"product_cat-cursos-online-mensuales","8":"first","9":"instock","10":"virtual","11":"taxable","12":"purchasable","13":"product-type-simple"},"acf":[],"_links":{"self":[{"href":"https:\/\/lagaleriaroja.com\/en\/wp-json\/wp\/v2\/product\/7911","targetHints":{"allow":["GET"]}}],"collection":[{"href":"https:\/\/lagaleriaroja.com\/en\/wp-json\/wp\/v2\/product"}],"about":[{"href":"https:\/\/lagaleriaroja.com\/en\/wp-json\/wp\/v2\/types\/product"}],"replies":[{"embeddable":true,"href":"https:\/\/lagaleriaroja.com\/en\/wp-json\/wp\/v2\/comments?post=7911"}],"wp:featuredmedia":[{"embeddable":true,"href":"https:\/\/lagaleriaroja.com\/en\/wp-json\/wp\/v2\/media\/7915"}],"wp:attachment":[{"href":"https:\/\/lagaleriaroja.com\/en\/wp-json\/wp\/v2\/media?parent=7911"}],"wp:term":[{"taxonomy":"product_brand","embeddable":true,"href":"https:\/\/lagaleriaroja.com\/en\/wp-json\/wp\/v2\/product_brand?post=7911"},{"taxonomy":"product_cat","embeddable":true,"href":"https:\/\/lagaleriaroja.com\/en\/wp-json\/wp\/v2\/product_cat?post=7911"},{"taxonomy":"product_tag","embeddable":true,"href":"https:\/\/lagaleriaroja.com\/en\/wp-json\/wp\/v2\/product_tag?post=7911"}],"curies":[{"name":"wp","href":"https:\/\/api.w.org\/{rel}","templated":true}]}}