{"id":7651,"date":"2025-07-16T17:29:56","date_gmt":"2025-07-16T17:29:56","guid":{"rendered":"https:\/\/lagaleriaroja.com\/?post_type=product&#038;p=7651"},"modified":"2025-09-04T06:37:59","modified_gmt":"2025-09-04T06:37:59","slug":"curso-online-concept-art-cinematografico-por-victor-garcia","status":"publish","type":"product","link":"https:\/\/lagaleriaroja.com\/en\/producto\/curso-online-concept-art-cinematografico-por-victor-garcia\/","title":{"rendered":"CURSO ONLINE: Concept art cinematografico por V\u00edctor Garc\u00eda."},"content":{"rendered":"<h5><b><u>CURSO ONLINE: Concept art cinematografico por V\u00edctor Garc\u00eda.<\/u><\/b><\/h5>\n<div>\n<div><b>Fecha<\/b>:\u00a0 4 Semanas. SEPTIEMBRE, 2025.<\/div>\n<div><b>Duraci\u00f3n<\/b>: 36 HORAS<\/div>\n<div><b style=\"color: #000000;\">IDIOMA durante el curso: <\/b>Espa\u00f1ol.<span style=\"color: #000000;\">\u00a0<\/span><\/div>\n<div>\n<div>Las\u00a0clases\u00a0se dar\u00e1n desde\u00a0la\u00a0plataforma Google Meet.<\/div>\n<div>En ella tendr\u00e1s acceso a las\u00a0clases\u00a0en directo, los archivos colgados y las\u00a0clases\u00a0grabadas<\/div>\n<\/div>\n<div><strong>HORARIO<\/strong>: Clases de 5:30 pm a 8:30 pm<\/div>\n<\/div>\n<div><strong>Semana 1<\/strong><\/div>\n<div>Jueves 4 de septiembre. 5:30 pm a 8:30 pm<br \/>\nLunes 8 de septiembre.\u00a0 5:30pm a 8:30 pm<br \/>\nMartes 9 de septiembre. 5:30pm a 8:30 pm<\/div>\n<div><strong>Semana 2<\/strong><\/div>\n<div>Jueves 11 de septiembre.5:30pm a 8:30 pm<br \/>\nLunes 15 de septiembre. 5:30pm a 8:30 pm<br \/>\nMartes 16 de septiembre. 5:30pm a 8:30 pm<\/div>\n<div>\n<p><strong>Semana 3<\/strong><\/p>\n<p>Jueves 18 de septiembre 5:30 pm. a las 8:30 pm<br \/>\nLunes 22 de septiembre. 5:30 pm. a las 8:30 pm<br \/>\nMartes 23 de septiembre. 5:30 pm. a las 8:30 pm<\/p>\n<p><strong>Semana 4<\/strong><\/p>\n<\/div>\n<p>Jueves 25 de septiembre 5:30 pm. a las 8:30 pm<br \/>\nLunes 29 de septiembre. 5:30 pm. a las 8:30 pm<br \/>\nMartes 30 de septiembre. 5:30 pm. a las 8:30 pm<\/p>\n<h5><strong>CONTENIDO DEL CURSO y MATERIALES RECOMENDADOS.\u00a0<\/strong><\/h5>\n<p><strong>SEMANA 1<\/strong><br \/>\n&#8211; Presentaci\u00f3n de las clases.<br \/>\n&#8211; Muestra en directo de la idea general del curso y objetivo: crear un Keyframe final<br \/>\ncinematogr\u00e1fico en el estilo visual elegido, desde el Realismo a estilos sintetizados o<br \/>\nm\u00e1s abstractos y su acabado final. Trabajaremos todo el proceso desde la fase m\u00e1s<br \/>\nconceptual a la imagen final.<br \/>\n&#8211; PLANO:<br \/>\nTrabajaremos desde la atm\u00f3sfera y el color para crear diferentes Color Keys, har\u00e9<br \/>\nespecial \u00e9nfasis en la posici\u00f3n de la c\u00e1mara o plano para potenciar la historia que se<br \/>\nquiere contar. Abordaremos teor\u00eda de la iluminaci\u00f3n y atm\u00f3sferas en diferentes espacios,<br \/>\nya sean en entornos naturales o interiores y c\u00f3mo usarlos a nuestro favor para contar<br \/>\nuna historia.<br \/>\nJueves 4 de septiembre 5:30 pm. a las 8:30 pm<br \/>\nLunes 8 de septiembre. Lunas. 17:30 horas. a las 8:30 pm<br \/>\nMartes 9 de septiembre 17:30 h. a las 8:30 pm<\/p>\n<p><strong>SEMANA 2<\/strong><br \/>\n&#8211; FORMA:<br \/>\nA partir de la forma, crearemos un recorrido visual de una escena directamente a color,<br \/>\ntrabajando la profundidad y la tridimensionalidad, con esbozos a l\u00ednea o Thumbnails muy<br \/>\nb\u00e1sicos si es necesario. Trabajaremos la iluminaci\u00f3n elegida, hasta darle la atm\u00f3sfera<br \/>\ndeseada, mientras seguimos trabajando sobre los diferentes ambientes en la vida real y<br \/>\nsu aplicaci\u00f3n para contar una historia.<br \/>\nJueves 11 de septiembre 5:30 pm. a las 8:30 pm<br \/>\nLunes 15 de septiembre. Lunas. 17:30 horas. a las 8:30 pm<br \/>\nMartes 16 de septiembre 17:30 h. a las 8:30 pm<\/p>\n<p><strong>SEMANA 3<\/strong><br \/>\n&#8211; ESTILO:<br \/>\nExplicaci\u00f3n de c\u00f3mo pasar de la Color Key a diferentes estilos visuales desde el color,<br \/>\ntrabajando desde la tridimensionalidad y la sintetizaci\u00f3n a partir de esta. Esto es<br \/>\naplicable a todos los elementos de la imagen, ya sean personajes, entornos naturales o<br \/>\nmenos org\u00e1nicos. Har\u00e9 una muestra en directo desde un ejemplo propio.<\/p>\n<p>Jueves 18 de septiembre 5:30 pm. a las 8:30 pm<br \/>\nLunes 22 de septiembre. Lunas. 17:30 horas. a las 8:30 pm<br \/>\nMartes 23 de septiembre 17:30 h. a las 8:30 pm<\/p>\n<p><strong>SEMANA 4<\/strong><br \/>\n&#8211; ACABADO:<br \/>\nFinalmente, trabajaremos el acabado, como dar definici\u00f3n y detalle a los diferentes<br \/>\nestilos visuales. Esto lo haremos desde el color o a\u00f1adiendo photobashing en los casos<br \/>\nm\u00e1s realistas, para finalizar el Keyframe. Esto es aplicable tambi\u00e9n a personajes y<br \/>\nentornos.<br \/>\nJueves 25 de septiembre 5:30 pm. a las 8:30 pm<br \/>\nLunes 29 de septiembre. Lunas. 17:30 horas. a las 8:30 pm<br \/>\nMartes 30 de septiembre 17:30 h. a las 8:30 pm<\/p>\n<p><strong>Materiales recomendados<\/strong>: Pc o port\u00e1til, tableta, Photoshop o cualquier programa digital que<br \/>\nse prefiera.<\/p>\n<div>\n<h5><b><u>*Preguntas frecuentes:<\/u><\/b><\/h5>\n<div><u>\u00bfQu\u00e9 sucede si no puedo ver alg\u00fan d\u00eda las\u00a0clases\u00a0en directo?\u00a0<\/u><\/div>\n<div>\u2022 No hay problema. Todas las clases son en directo pero adem\u00e1s ser\u00e1n grabadas y colgadas en nuestra plataforma. Para que las puedas ver cuando quieras durante toda la duraci\u00f3n del curso. Esto significa que sino puedes asistir a tu clase en directo a la hora estipulada podr\u00e1s verlas en la plataforma hasta que el curso finalice. Estos v\u00eddeo-clases colgados en la plataforma se podr\u00e1n visualizar de forma ilimitada durante la duraci\u00f3n del curso pero no se podr\u00e1n copiar ni descargar. Igualmente se podr\u00e1n visualizar durante 6 meses una vez finalizado el curso.<\/div>\n<div><u>\u00bfCu\u00e1ndo puedo ver las\u00a0clases\u00a0a los que no asist\u00ed en directo?<\/u><\/div>\n<div>\u2022 Acceso a la plataforma virtual donde se podr\u00e1 consultar toda la informaci\u00f3n o documentaci\u00f3n del curso, acceder a todas las clases que ya hayan sido impartidas o a los ejercicios propuestos. Cu\u00e1ndo, d\u00f3nde y al ritmo que desees.<\/div>\n<div><u>\u00bfHabr\u00e1 tutor\u00edas o seguimiento con la profesor?<\/u><\/div>\n<div>\u2022 Tutor\u00edas diarias en cada una de las sesiones impartidas diariamente.<\/div>\n<div>\u2022 Seguimiento individualizado por parte de la docente al alumnado a fin de solventar dudas y asegurar la adquisici\u00f3n de destrezas y conocimientos determinados para cada bloque de contenidos te\u00f3rico-pr\u00e1cticos.<\/div>\n<\/div>\n<div><\/div>\n<div><strong>*Para cualquier cuesti\u00f3n o pregunta no dudes en consultarnos y escribir a info@lagaleriaroja.com<\/strong><\/div>\n","protected":false},"excerpt":{"rendered":"<h5><b><u>CURSO ONLINE: Concept art cinematografico por V\u00edctor Garc\u00eda.<\/u><\/b><\/h5>\n<div>\n<div><b>Fecha<\/b>:\u00a0 4 Semanas. SEPTIEMBRE, 2025.<\/div>\n<div><b>Duraci\u00f3n<\/b>: 36 HORAS<\/div>\n<div><b style=\"color: #000000;\">IDIOMA durante el curso: <\/b>Espa\u00f1ol.<span style=\"color: #000000;\">\u00a0<\/span><\/div>\n<div>\n<div>Las\u00a0clases\u00a0se dar\u00e1n desde\u00a0la\u00a0plataforma Google Meet.<\/div>\n<div>En ella tendr\u00e1s acceso a las\u00a0clases\u00a0en directo, los archivos colgados y las\u00a0clases\u00a0grabadas<\/div>\n<\/div>\n<div><strong>HORARIO<\/strong>: Clases de 5:30 pm a 8:30 pm<\/div>\n<\/div>\n<div><strong>Semana 1<\/strong><\/div>\n<div>Jueves 4 de septiembre. 5:30 pm a 8:30 pm<br \/>\nLunes 8 de septiembre.\u00a0 5:30pm a 8:30 pm<br \/>\nMartes 9 de septiembre. 5:30pm a 8:30 pm<\/div>\n<div><strong>Semana 2<\/strong><\/div>\n<div>Jueves 11 de septiembre.5:30pm a 8:30 pm<br \/>\nLunes 15 de septiembre. 5:30pm a 8:30 pm<br \/>\nMartes 16 de septiembre. 5:30pm a 8:30 pm<\/div>\n<div>\n<p><strong>Semana 3<\/strong><\/p>\n<p>Jueves 18 de septiembre 5:30 pm. a las 8:30 pm<br \/>\nLunes 22 de septiembre. 5:30 pm. a las 8:30 pm<br \/>\nMartes 23 de septiembre. 5:30 pm. a las 8:30 pm<\/p>\n<p><strong>Semana 4<\/strong><\/p>\n<\/div>\n<p>Jueves 25 de septiembre 5:30 pm. a las 8:30 pm<br \/>\nLunes 29 de septiembre. 5:30 pm. a las 8:30 pm<br \/>\nMartes 30 de septiembre. 5:30 pm. a las 8:30 pm<\/p>\n<h5><strong>CONTENIDO DEL CURSO y MATERIALES RECOMENDADOS.\u00a0<\/strong><\/h5>\n<p><strong>SEMANA 1<\/strong><br \/>\n&#8211; Presentaci\u00f3n de las clases.<br \/>\n&#8211; Muestra en directo de la idea general del curso y objetivo: crear un Keyframe final<br \/>\ncinematogr\u00e1fico en el estilo visual elegido, desde el Realismo a estilos sintetizados o<br \/>\nm\u00e1s abstractos y su acabado final. Trabajaremos todo el proceso desde la fase m\u00e1s<br \/>\nconceptual a la imagen final.<br \/>\n&#8211; PLANO:<br \/>\nTrabajaremos desde la atm\u00f3sfera y el color para crear diferentes Color Keys, har\u00e9<br \/>\nespecial \u00e9nfasis en la posici\u00f3n de la c\u00e1mara o plano para potenciar la historia que se<br \/>\nquiere contar. Abordaremos teor\u00eda de la iluminaci\u00f3n y atm\u00f3sferas en diferentes espacios,<br \/>\nya sean en entornos naturales o interiores y c\u00f3mo usarlos a nuestro favor para contar<br \/>\nuna historia.<br \/>\nJueves 4 de septiembre 5:30 pm. a las 8:30 pm<br \/>\nLunes 8 de septiembre. Lunas. 17:30 horas. a las 8:30 pm<br \/>\nMartes 9 de septiembre 17:30 h. a las 8:30 pm<\/p>\n<p><strong>SEMANA 2<\/strong><br \/>\n&#8211; FORMA:<br \/>\nA partir de la forma, crearemos un recorrido visual de una escena directamente a color,<br \/>\ntrabajando la profundidad y la tridimensionalidad, con esbozos a l\u00ednea o Thumbnails muy<br \/>\nb\u00e1sicos si es necesario. Trabajaremos la iluminaci\u00f3n elegida, hasta darle la atm\u00f3sfera<br \/>\ndeseada, mientras seguimos trabajando sobre los diferentes ambientes en la vida real y<br \/>\nsu aplicaci\u00f3n para contar una historia.<br \/>\nJueves 11 de septiembre 5:30 pm. a las 8:30 pm<br \/>\nLunes 15 de septiembre. Lunas. 17:30 horas. a las 8:30 pm<br \/>\nMartes 16 de septiembre 17:30 h. a las 8:30 pm<\/p>\n<p><strong>SEMANA 3<\/strong><br \/>\n&#8211; ESTILO:<br \/>\nExplicaci\u00f3n de c\u00f3mo pasar de la Color Key a diferentes estilos visuales desde el color,<br \/>\ntrabajando desde la tridimensionalidad y la sintetizaci\u00f3n a partir de esta. Esto es<br \/>\naplicable a todos los elementos de la imagen, ya sean personajes, entornos naturales o<br \/>\nmenos org\u00e1nicos. Har\u00e9 una muestra en directo desde un ejemplo propio.<\/p>\n<p>Jueves 18 de septiembre 5:30 pm. a las 8:30 pm<br \/>\nLunes 22 de septiembre. Lunas. 17:30 horas. a las 8:30 pm<br \/>\nMartes 23 de septiembre 17:30 h. a las 8:30 pm<\/p>\n<p><strong>SEMANA 4<\/strong><br \/>\n&#8211; ACABADO:<br \/>\nFinalmente, trabajaremos el acabado, como dar definici\u00f3n y detalle a los diferentes<br \/>\nestilos visuales. Esto lo haremos desde el color o a\u00f1adiendo photobashing en los casos<br \/>\nm\u00e1s realistas, para finalizar el Keyframe. Esto es aplicable tambi\u00e9n a personajes y<br \/>\nentornos.<br \/>\nJueves 25 de septiembre 5:30 pm. a las 8:30 pm<br \/>\nLunes 29 de septiembre. Lunas. 17:30 horas. a las 8:30 pm<br \/>\nMartes 30 de septiembre 17:30 h. a las 8:30 pm<\/p>\n<p><strong>Materiales recomendados<\/strong>: Pc o port\u00e1til, tableta, Photoshop o cualquier programa digital que<br \/>\nse prefiera.<\/p>\n<div>\n<h5><b><u>*Preguntas frecuentes:<\/u><\/b><\/h5>\n<div><u>\u00bfQu\u00e9 sucede si no puedo ver alg\u00fan d\u00eda las\u00a0clases\u00a0en directo?\u00a0<\/u><\/div>\n<div>\u2022 No hay problema. Todas las clases son en directo pero adem\u00e1s ser\u00e1n grabadas y colgadas en nuestra plataforma. Para que las puedas ver cuando quieras durante toda la duraci\u00f3n del curso. Esto significa que sino puedes asistir a tu clase en directo a la hora estipulada podr\u00e1s verlas en la plataforma hasta que el curso finalice. Estos v\u00eddeo-clases colgados en la plataforma se podr\u00e1n visualizar de forma ilimitada durante la duraci\u00f3n del curso pero no se podr\u00e1n copiar ni descargar. Igualmente se podr\u00e1n visualizar durante 6 meses una vez finalizado el curso.<\/div>\n<div><u>\u00bfCu\u00e1ndo puedo ver las\u00a0clases\u00a0a los que no asist\u00ed en directo?<\/u><\/div>\n<div>\u2022 Acceso a la plataforma virtual donde se podr\u00e1 consultar toda la informaci\u00f3n o documentaci\u00f3n del curso, acceder a todas las clases que ya hayan sido impartidas o a los ejercicios propuestos. Cu\u00e1ndo, d\u00f3nde y al ritmo que desees.<\/div>\n<div><u>\u00bfHabr\u00e1 tutor\u00edas o seguimiento con la profesor?<\/u><\/div>\n<div>\u2022 Tutor\u00edas diarias en cada una de las sesiones impartidas diariamente.<\/div>\n<div>\u2022 Seguimiento individualizado por parte de la docente al alumnado a fin de solventar dudas y asegurar la adquisici\u00f3n de destrezas y conocimientos determinados para cada bloque de contenidos te\u00f3rico-pr\u00e1cticos.<\/div>\n<\/div>\n<div><\/div>\n<div><strong>*Para cualquier cuesti\u00f3n o pregunta no dudes en consultarnos y escribir a info@lagaleriaroja.com<\/strong><\/div>\n","protected":false},"featured_media":7652,"comment_status":"open","ping_status":"closed","template":"","meta":{"_acf_changed":false},"product_brand":[],"product_cat":[105],"product_tag":[],"class_list":{"0":"post-7651","1":"product","2":"type-product","3":"status-publish","4":"has-post-thumbnail","6":"product_cat-cursos-online-mensuales","8":"first","9":"instock","10":"virtual","11":"taxable","12":"purchasable","13":"product-type-simple"},"acf":[],"_links":{"self":[{"href":"https:\/\/lagaleriaroja.com\/en\/wp-json\/wp\/v2\/product\/7651","targetHints":{"allow":["GET"]}}],"collection":[{"href":"https:\/\/lagaleriaroja.com\/en\/wp-json\/wp\/v2\/product"}],"about":[{"href":"https:\/\/lagaleriaroja.com\/en\/wp-json\/wp\/v2\/types\/product"}],"replies":[{"embeddable":true,"href":"https:\/\/lagaleriaroja.com\/en\/wp-json\/wp\/v2\/comments?post=7651"}],"wp:featuredmedia":[{"embeddable":true,"href":"https:\/\/lagaleriaroja.com\/en\/wp-json\/wp\/v2\/media\/7652"}],"wp:attachment":[{"href":"https:\/\/lagaleriaroja.com\/en\/wp-json\/wp\/v2\/media?parent=7651"}],"wp:term":[{"taxonomy":"product_brand","embeddable":true,"href":"https:\/\/lagaleriaroja.com\/en\/wp-json\/wp\/v2\/product_brand?post=7651"},{"taxonomy":"product_cat","embeddable":true,"href":"https:\/\/lagaleriaroja.com\/en\/wp-json\/wp\/v2\/product_cat?post=7651"},{"taxonomy":"product_tag","embeddable":true,"href":"https:\/\/lagaleriaroja.com\/en\/wp-json\/wp\/v2\/product_tag?post=7651"}],"curies":[{"name":"wp","href":"https:\/\/api.w.org\/{rel}","templated":true}]}}