{"id":7088,"date":"2025-03-07T10:14:11","date_gmt":"2025-03-07T10:14:11","guid":{"rendered":"https:\/\/lagaleriaroja.com\/?post_type=product&#038;p=7088"},"modified":"2026-04-09T16:52:33","modified_gmt":"2026-04-09T16:52:33","slug":"curso-anual-online-de-ilustracion","status":"publish","type":"product","link":"https:\/\/lagaleriaroja.com\/en\/producto\/curso-anual-online-de-ilustracion\/","title":{"rendered":"CURSO ANUAL ONLINE de ILUSTRACI\u00d3N."},"content":{"rendered":"<p>A continuaci\u00f3n toda la informaci\u00f3n de nuestro <strong>Curso anual online de Ilustraci\u00f3n.<\/strong><\/p>\n<p>Se trata de nuestra<strong> 5\u00aa EDICI\u00d3N.<\/strong><\/p>\n<p>Para cualquier cuesti\u00f3n o pregunta no dudes en escribirnos a info@lagaleriaroja.com o al whatsapp: 645668041<\/p>\n<h5><b><u><span style=\"color: #000000;\">CURSO ONLINE ANUAL de ILUSTRACI\u00d3N.<\/span><\/u><\/b><\/h5>\n<p><b style=\"color: #000000;\">Fecha<\/b><span style=\"color: #000000;\">: SEPTIEMBRE de 2025 a JUNIO de 2026.<\/span><\/p>\n<p><b style=\"color: #000000;\">Duraci\u00f3n<\/b><span style=\"color: #000000;\">: 620 HORAS de clases en directo. Adem\u00e1s, las clases quedan grabadas y accesibles en nuestra plataforma.<\/span><\/p>\n<div>\n<div><span style=\"color: #000000;\"><b>HORARIO, disponible en dos horarios: <\/b><\/span><\/div>\n<div><span style=\"color: #000000;\"><b>Ma\u00f1anas <\/b>de 09:30h a 13:30h (Hora de Madrid)<\/span><\/div>\n<div><span style=\"color: #000000;\"><b>Tardes <\/b>de 17:30h a 21:30h (Hora de Madrid)<\/span><\/div>\n<div><\/div>\n<div><span style=\"color: #000000;\"><b>Precio<\/b>: 2900\u20ac (Se puede abonar en hasta 6 plazos. +Info en los dossiers)<\/span><\/div>\n<div><strong>Idioma<\/strong>\u00a0durante el curso: espa\u00f1ol.<\/div>\n<div><\/div>\n<div><span style=\"color: #000000;\"><b>CONTACTO<\/b>: info@lagaleriaroja.com<\/span><\/div>\n<div><strong>PLAZAS LIMITADAS.<\/strong><\/div>\n<div><\/div>\n<div><span style=\"color: #000000;\">Las clases se dar\u00e1n desde la plataforma Google Meet.<\/span><\/div>\n<div><span style=\"color: #000000;\">En ella tendr\u00e1s acceso a las clases en directo, los archivos colgados y las clases grabadas.\u00a0<\/span><\/div>\n<div><\/div>\n<div><b><span style=\"color: #000000;\">CONTENIDOS DEL CURSO:\u00a0<\/span><\/b><\/div>\n<\/div>\n<div dir=\"auto\"><\/div>\n<div dir=\"auto\">Lo tienes <strong>DISPONIBLE<\/strong> en los siguientes enlaces en sus respectivas ediciones. Igualmente si tienes cualquier cuesti\u00f3n o pregunta no dudes en escribirnos a info@lagaleriaroja.com o al wassap: 645668041<\/div>\n<div dir=\"auto\"><\/div>\n<div dir=\"auto\"><strong>DOSSIERES INFORMATIVOS<\/strong> de las ediciones:<\/div>\n<div dir=\"auto\"><\/div>\n<div dir=\"auto\"><strong>MATINAL, puedes hacer click en el siguiente enlace para descargar el dossier<\/strong>:\u00a0<a href=\"https:\/\/lagaleriaroja.com\/wp-content\/uploads\/2025\/03\/DOSSIER-ILUSTRA-ONLINE-MATINAL-1.pdf\">https:\/\/lagaleriaroja.com\/wp-content\/uploads\/2025\/03\/DOSSIER-ILUSTRA-ONLINE-MATINAL-1.pdf<\/a><\/div>\n<div dir=\"auto\"><\/div>\n<div dir=\"auto\"><strong>TARDES, puedes hacer click en el siguiente enlace para descargar el dossier<\/strong>:\u00a0<a href=\"https:\/\/lagaleriaroja.com\/wp-content\/uploads\/2025\/03\/DOSSIER-ILUSTRA-ONLINE-TARDES2.pdf\">https:\/\/lagaleriaroja.com\/wp-content\/uploads\/2025\/03\/DOSSIER-ILUSTRA-ONLINE-TARDES2.pdf<\/a><\/div>\n<div dir=\"auto\">\n<p>.<br \/>\n<strong>El curso estar\u00e1 conformado, entre otros, por estos m\u00f3dulos:<\/strong><br \/>\n.<br \/>\nAnatom\u00eda, dibujo del natural y dise\u00f1o de personajes I.<br \/>\nT\u00e9cnicas mixtas.<br \/>\nPhotoshop e Illustrator.<br \/>\nNarrativa visual, story board y c\u00f3mic.<br \/>\nCreaci\u00f3n y dise\u00f1o de personajes II.<br \/>\nGesti\u00f3n del color y composici\u00f3n.<br \/>\nCarteler\u00eda publicitaria.<br \/>\nT\u00e9cnicas gr\u00e1ficas<br \/>\nProyecto editorial con Indesing.<br \/>\nPrototipado y visualizaci\u00f3n de producto con Rhinoceros. Vray.<br \/>\nEscultura digital. Zbrush.<br \/>\nDise\u00f1o de escenarios<br \/>\nEsquemas de iluminaci\u00f3n<br \/>\nCultura visual<br \/>\nInfograf\u00eda.<br \/>\nIntroducci\u00f3n a la tipograf\u00eda.<br \/>\nAnimaci\u00f3n<br \/>\nClip Studio.<br \/>\nProcreate<br \/>\nPensamiento lateral.<br \/>\nRefuerzo continuado de dibujo.<br \/>\nIdeaci\u00f3n y realizaci\u00f3n de proyecto.<br \/>\nOrientaci\u00f3n profesional.<br \/>\n.<br \/>\nImpartido por un equipo docente con a\u00f1os de experiencia profesional con trabajos para Netflix, Disney, The Washington Post, Warner, DreamWorks, Planeta, Cineman\u00eda, Skydance Animation, Cartoon Saloon, Rolling Stones, National Geographic,&#8230;<br \/>\n.<br \/>\n<strong>NUESTRO EQUIPO DOCENTE<\/strong>: Abel Ippolito, Javier Pajuelo, Natalia Segovia, Evelin Suarez, Pedro Alpera, Mar\u00eda Garc\u00eda Borrego &#8220;Blackramu&#8221;, Diego Gallego, Jes\u00fas Escudero, Ricardo Le\u00f3n, Irene Roga, Perroraro, Esther Morales, Currobot, Nachetz, Milvilla, Invitus Design y Jes\u00fas Prudencio.<\/p>\n<\/div>\n<h4><strong>OPINIONES del ALUMNADO:<\/strong><\/h4>\n<p><strong>&#8220;Muchas gracias por el curso. Ha sido maravilloso. Sois un equipazo.&#8221;<\/strong><\/p>\n<p>Marta G\u00f3mez Soldevilla.<\/p>\n<p><strong>&#8220;Gracias por un curso tan intenso, interesante y de calidad. Tambi\u00e9n agradeceros vuestra atenci\u00f3n y esfuerzo.&#8221;<\/strong><\/p>\n<p>Teresa Martinez Salazar<\/p>\n<p><strong>&#8220;Ha sido un placer conocer a todos los profesores y una experiencia incre\u00edble en todos los sentidos. \u00a1Muchas gracias por todo!&#8221;<\/strong><\/p>\n<p>Marta del Campo Parla.<\/p>\n<p><strong>&#8220;Ha sido una experiencia brutal en cuanto a informaci\u00f3n y nuevos conocimientos muy \u00fatiles. Muchas gracias a la organizaci\u00f3n y a todos los profes por involucrarse tanto con nosotros. Ha sido un gran empuj\u00f3n y aprendizaje fant\u00e1stico&#8221;<\/strong><\/p>\n<p>Luc\u00eda Rojas<\/p>\n<p><strong>&#8220;Ha sido un curso muy enriquecedor y lo mejor han sido los profesores y mis compa\u00f1eras. Muchas gracias por atendernos siempre de forma r\u00e1pida y educada, ha sido un placer.&#8221;<\/strong><\/p>\n<p>Ros del Viso.<\/p>\n<p><strong>&#8220;Muchas gracias, ha sido maravilloso. Hab\u00e9is elegido los mejores profesores, sin duda.&#8221;<\/strong><\/p>\n<p>Eva Lartigue.<\/p>\n<p><strong>&#8220;Os quiero dar mil gracias a ustedes y al equipo de profesores! Esta clar\u00edsimo, que este curso cambi\u00f3 mi vida. Voy a seguir form\u00e1ndome y solo tengo esperanza de que alg\u00fan d\u00eda podr\u00e9 estar al mismo nivel que ustedes!&#8221;<\/strong><\/p>\n<p>Anastasia Permyakova.<\/p>\n<p><strong>&#8220;Que es un curso genial, con el que dais facilidades y ayudais si no podemos asistir a las clases en directo por temas de trabajo. Muchos cursos simplemente te dan un horario fijo y si puedes asistir bien, si no pierdes la clase. Yo os estoy muy agradecida. Ya que cuando pod\u00eda asist\u00eda y si ten\u00eda que ir a trabajar pod\u00eda ver la clase en otro horario. Eso da much\u00edsima libertad y alegr\u00eda, es bonito que nos teng\u00e1is en cuenta a los que trabajamos a trozos.&#8221;<\/strong><\/p>\n<p>Mar\u00eda Garc\u00eda.<\/p>\n<p><strong>&#8220;Ha sido todo un placer haber asistido a este curso, a pesar de haber empezado de cero este mismo Enero, he aprendido y mejorado tanto que me parece incre\u00edble.<\/strong><br \/>\n<strong>\u00a1\u00a1Un abrazo muy grande para todos!!&#8221;<\/strong><\/p>\n<p>Irene Garc\u00eda.<\/p>\n<p><strong>&#8220;Muchas gracias por toda la atenci\u00f3n recibida y el curso tan magn\u00edfico que hab\u00e9is formado para impartir la clase. Nos ha enriquecido enormemente en las obras de todos\/as. Gracias a la organizaci\u00f3n y a los tutores que hemos tenido. Todos son magn\u00edficos y agradables, buenos profesores y compa\u00f1eros de profesi\u00f3n.<\/strong><\/p>\n<p><strong>Un abrazo enorme.&#8221;<\/strong><\/p>\n<p>Mar\u00eda Mu\u00f1oz Isidro<\/p>\n<div>\n<h4><b><u><span style=\"color: #000000;\">*Preguntas frecuentes:<\/span><\/u><\/b><\/h4>\n<div><u><span style=\"color: #000000;\">\u00bfQu\u00e9 sucede si no puedo ver alg\u00fan d\u00eda las clases en directo?\u00a0<\/span><\/u><\/div>\n<div><span style=\"color: #000000;\">No hay problema. Todas las clases son en directo pero adem\u00e1s ser\u00e1n grabadas y colgadas en nuestra plataforma. Para que las puedas ver cuando quieras durante toda la duraci\u00f3n del curso. Esto significa que sino puedes asistir a tu clase en directo a la hora estipulada podr\u00e1s verlas en la plataforma hasta que el curso finalice y durante 12 meses m\u00e1s una vez finalizado el mismo. Estos v\u00eddeo-clases colgados en la plataforma se podr\u00e1n visualizar de forma ilimitada durante la duraci\u00f3n del curso pero no se podr\u00e1n copiar ni descargar.\u00a0<\/span><\/div>\n<div><u><span style=\"color: #000000;\">\u00bfCu\u00e1ndo puedo ver las clases a los que no asist\u00ed en directo?<\/span><\/u><\/div>\n<div><span style=\"color: #000000;\">\u2022 Acceso a la plataforma virtual donde se podr\u00e1 consultar toda la informaci\u00f3n o documentaci\u00f3n del curso, acceder a todas las clases que ya hayan sido impartidas o a los ejercicios propuestos. Cu\u00e1ndo, d\u00f3nde y al ritmo que desees.\u00a0<\/span><\/div>\n<div><u><span style=\"color: #000000;\">\u00bfHabr\u00e1 tutor\u00edas o seguimiento con el\/la profesor\/a ?<\/span><\/u><\/div>\n<div><span style=\"color: #000000;\">\u2022 Tutor\u00edas diarias en cada una de las sesiones impartidas diariamente.\u00a0<\/span><\/div>\n<div><span style=\"color: #000000;\">\u2022 Seguimiento individualizado por parte de la docente al alumnado a fin de solventar dudas y asegurar la adquisici\u00f3n de destrezas y conocimientos determinados para cada bloque de contenidos te\u00f3rico-pr\u00e1cticos<\/span><\/div>\n<\/div>\n<div><\/div>\n<div><strong>*Para cualquier cuesti\u00f3n no dudes en consultarnos y escribir a info@lagaleriaroja.com o al wassap: 645668041<\/strong><\/div>\n","protected":false},"excerpt":{"rendered":"<p>A continuaci\u00f3n toda la informaci\u00f3n de nuestro <strong>Curso anual online de Ilustraci\u00f3n.<\/strong><\/p>\n<p>Se trata de nuestra<strong> 5\u00aa EDICI\u00d3N.<\/strong><\/p>\n<p>Para cualquier cuesti\u00f3n o pregunta no dudes en escribirnos a info@lagaleriaroja.com o al whatsapp: 645668041<\/p>\n<h5><b><u><span style=\"color: #000000;\">CURSO ONLINE ANUAL de ILUSTRACI\u00d3N.<\/span><\/u><\/b><\/h5>\n<p><b style=\"color: #000000;\">Fecha<\/b><span style=\"color: #000000;\">: SEPTIEMBRE de 2025 a JUNIO de 2026.<\/span><\/p>\n<p><b style=\"color: #000000;\">Duraci\u00f3n<\/b><span style=\"color: #000000;\">: 620 HORAS de clases en directo. Adem\u00e1s, las clases quedan grabadas y accesibles en nuestra plataforma.<\/span><\/p>\n<div>\n<div><span style=\"color: #000000;\"><b>HORARIO, disponible en dos horarios: <\/b><\/span><\/div>\n<div><span style=\"color: #000000;\"><b>Ma\u00f1anas <\/b>de 09:30h a 13:30h (Hora de Madrid)<\/span><\/div>\n<div><span style=\"color: #000000;\"><b>Tardes <\/b>de 17:30h a 21:30h (Hora de Madrid)<\/span><\/div>\n<div><\/div>\n<div><span style=\"color: #000000;\"><b>Precio<\/b>: 2900\u20ac (Se puede abonar en hasta 6 plazos. +Info en los dossiers)<\/span><\/div>\n<div><strong>Idioma<\/strong>\u00a0durante el curso: espa\u00f1ol.<\/div>\n<div><\/div>\n<div><span style=\"color: #000000;\"><b>CONTACTO<\/b>: info@lagaleriaroja.com<\/span><\/div>\n<div><strong>PLAZAS LIMITADAS.<\/strong><\/div>\n<div><\/div>\n<div><span style=\"color: #000000;\">Las clases se dar\u00e1n desde la plataforma Google Meet.<\/span><\/div>\n<div><span style=\"color: #000000;\">En ella tendr\u00e1s acceso a las clases en directo, los archivos colgados y las clases grabadas.\u00a0<\/span><\/div>\n<div><\/div>\n<div><b><span style=\"color: #000000;\">CONTENIDOS DEL CURSO:\u00a0<\/span><\/b><\/div>\n<\/div>\n<div dir=\"auto\"><\/div>\n<div dir=\"auto\">Lo tienes <strong>DISPONIBLE<\/strong> en los siguientes enlaces en sus respectivas ediciones. Igualmente si tienes cualquier cuesti\u00f3n o pregunta no dudes en escribirnos a info@lagaleriaroja.com o al wassap: 645668041<\/div>\n<div dir=\"auto\"><\/div>\n<div dir=\"auto\"><strong>DOSSIERES INFORMATIVOS<\/strong> de las ediciones:<\/div>\n<div dir=\"auto\"><\/div>\n<div dir=\"auto\"><strong>MATINAL, puedes hacer click en el siguiente enlace para descargar el dossier<\/strong>:\u00a0<a href=\"https:\/\/lagaleriaroja.com\/wp-content\/uploads\/2025\/03\/DOSSIER-ILUSTRA-ONLINE-MATINAL-1.pdf\">https:\/\/lagaleriaroja.com\/wp-content\/uploads\/2025\/03\/DOSSIER-ILUSTRA-ONLINE-MATINAL-1.pdf<\/a><\/div>\n<div dir=\"auto\"><\/div>\n<div dir=\"auto\"><strong>TARDES, puedes hacer click en el siguiente enlace para descargar el dossier<\/strong>:\u00a0<a href=\"https:\/\/lagaleriaroja.com\/wp-content\/uploads\/2025\/03\/DOSSIER-ILUSTRA-ONLINE-TARDES2.pdf\">https:\/\/lagaleriaroja.com\/wp-content\/uploads\/2025\/03\/DOSSIER-ILUSTRA-ONLINE-TARDES2.pdf<\/a><\/div>\n<div dir=\"auto\">\n<p>.<br \/>\n<strong>El curso estar\u00e1 conformado, entre otros, por estos m\u00f3dulos:<\/strong><br \/>\n.<br \/>\nAnatom\u00eda, dibujo del natural y dise\u00f1o de personajes I.<br \/>\nT\u00e9cnicas mixtas.<br \/>\nPhotoshop e Illustrator.<br \/>\nNarrativa visual, story board y c\u00f3mic.<br \/>\nCreaci\u00f3n y dise\u00f1o de personajes II.<br \/>\nGesti\u00f3n del color y composici\u00f3n.<br \/>\nCarteler\u00eda publicitaria.<br \/>\nT\u00e9cnicas gr\u00e1ficas<br \/>\nProyecto editorial con Indesing.<br \/>\nPrototipado y visualizaci\u00f3n de producto con Rhinoceros. Vray.<br \/>\nEscultura digital. Zbrush.<br \/>\nDise\u00f1o de escenarios<br \/>\nEsquemas de iluminaci\u00f3n<br \/>\nCultura visual<br \/>\nInfograf\u00eda.<br \/>\nIntroducci\u00f3n a la tipograf\u00eda.<br \/>\nAnimaci\u00f3n<br \/>\nClip Studio.<br \/>\nProcreate<br \/>\nPensamiento lateral.<br \/>\nRefuerzo continuado de dibujo.<br \/>\nIdeaci\u00f3n y realizaci\u00f3n de proyecto.<br \/>\nOrientaci\u00f3n profesional.<br \/>\n.<br \/>\nImpartido por un equipo docente con a\u00f1os de experiencia profesional con trabajos para Netflix, Disney, The Washington Post, Warner, DreamWorks, Planeta, Cineman\u00eda, Skydance Animation, Cartoon Saloon, Rolling Stones, National Geographic,&#8230;<br \/>\n.<br \/>\n<strong>NUESTRO EQUIPO DOCENTE<\/strong>: Abel Ippolito, Javier Pajuelo, Natalia Segovia, Evelin Suarez, Pedro Alpera, Mar\u00eda Garc\u00eda Borrego &#8220;Blackramu&#8221;, Diego Gallego, Jes\u00fas Escudero, Ricardo Le\u00f3n, Irene Roga, Perroraro, Esther Morales, Currobot, Nachetz, Milvilla, Invitus Design y Jes\u00fas Prudencio.<\/p>\n<\/div>\n<h4><strong>OPINIONES del ALUMNADO:<\/strong><\/h4>\n<p><strong>&#8220;Muchas gracias por el curso. Ha sido maravilloso. Sois un equipazo.&#8221;<\/strong><\/p>\n<p>Marta G\u00f3mez Soldevilla.<\/p>\n<p><strong>&#8220;Gracias por un curso tan intenso, interesante y de calidad. Tambi\u00e9n agradeceros vuestra atenci\u00f3n y esfuerzo.&#8221;<\/strong><\/p>\n<p>Teresa Martinez Salazar<\/p>\n<p><strong>&#8220;Ha sido un placer conocer a todos los profesores y una experiencia incre\u00edble en todos los sentidos. \u00a1Muchas gracias por todo!&#8221;<\/strong><\/p>\n<p>Marta del Campo Parla.<\/p>\n<p><strong>&#8220;Ha sido una experiencia brutal en cuanto a informaci\u00f3n y nuevos conocimientos muy \u00fatiles. Muchas gracias a la organizaci\u00f3n y a todos los profes por involucrarse tanto con nosotros. Ha sido un gran empuj\u00f3n y aprendizaje fant\u00e1stico&#8221;<\/strong><\/p>\n<p>Luc\u00eda Rojas<\/p>\n<p><strong>&#8220;Ha sido un curso muy enriquecedor y lo mejor han sido los profesores y mis compa\u00f1eras. Muchas gracias por atendernos siempre de forma r\u00e1pida y educada, ha sido un placer.&#8221;<\/strong><\/p>\n<p>Ros del Viso.<\/p>\n<p><strong>&#8220;Muchas gracias, ha sido maravilloso. Hab\u00e9is elegido los mejores profesores, sin duda.&#8221;<\/strong><\/p>\n<p>Eva Lartigue.<\/p>\n<p><strong>&#8220;Os quiero dar mil gracias a ustedes y al equipo de profesores! Esta clar\u00edsimo, que este curso cambi\u00f3 mi vida. Voy a seguir form\u00e1ndome y solo tengo esperanza de que alg\u00fan d\u00eda podr\u00e9 estar al mismo nivel que ustedes!&#8221;<\/strong><\/p>\n<p>Anastasia Permyakova.<\/p>\n<p><strong>&#8220;Que es un curso genial, con el que dais facilidades y ayudais si no podemos asistir a las clases en directo por temas de trabajo. Muchos cursos simplemente te dan un horario fijo y si puedes asistir bien, si no pierdes la clase. Yo os estoy muy agradecida. Ya que cuando pod\u00eda asist\u00eda y si ten\u00eda que ir a trabajar pod\u00eda ver la clase en otro horario. Eso da much\u00edsima libertad y alegr\u00eda, es bonito que nos teng\u00e1is en cuenta a los que trabajamos a trozos.&#8221;<\/strong><\/p>\n<p>Mar\u00eda Garc\u00eda.<\/p>\n<p><strong>&#8220;Ha sido todo un placer haber asistido a este curso, a pesar de haber empezado de cero este mismo Enero, he aprendido y mejorado tanto que me parece incre\u00edble.<\/strong><br \/>\n<strong>\u00a1\u00a1Un abrazo muy grande para todos!!&#8221;<\/strong><\/p>\n<p>Irene Garc\u00eda.<\/p>\n<p><strong>&#8220;Muchas gracias por toda la atenci\u00f3n recibida y el curso tan magn\u00edfico que hab\u00e9is formado para impartir la clase. Nos ha enriquecido enormemente en las obras de todos\/as. Gracias a la organizaci\u00f3n y a los tutores que hemos tenido. Todos son magn\u00edficos y agradables, buenos profesores y compa\u00f1eros de profesi\u00f3n.<\/strong><\/p>\n<p><strong>Un abrazo enorme.&#8221;<\/strong><\/p>\n<p>Mar\u00eda Mu\u00f1oz Isidro<\/p>\n<div>\n<h4><b><u><span style=\"color: #000000;\">*Preguntas frecuentes:<\/span><\/u><\/b><\/h4>\n<div><u><span style=\"color: #000000;\">\u00bfQu\u00e9 sucede si no puedo ver alg\u00fan d\u00eda las clases en directo?\u00a0<\/span><\/u><\/div>\n<div><span style=\"color: #000000;\">No hay problema. Todas las clases son en directo pero adem\u00e1s ser\u00e1n grabadas y colgadas en nuestra plataforma. Para que las puedas ver cuando quieras durante toda la duraci\u00f3n del curso. Esto significa que sino puedes asistir a tu clase en directo a la hora estipulada podr\u00e1s verlas en la plataforma hasta que el curso finalice y durante 12 meses m\u00e1s una vez finalizado el mismo. Estos v\u00eddeo-clases colgados en la plataforma se podr\u00e1n visualizar de forma ilimitada durante la duraci\u00f3n del curso pero no se podr\u00e1n copiar ni descargar.\u00a0<\/span><\/div>\n<div><u><span style=\"color: #000000;\">\u00bfCu\u00e1ndo puedo ver las clases a los que no asist\u00ed en directo?<\/span><\/u><\/div>\n<div><span style=\"color: #000000;\">\u2022 Acceso a la plataforma virtual donde se podr\u00e1 consultar toda la informaci\u00f3n o documentaci\u00f3n del curso, acceder a todas las clases que ya hayan sido impartidas o a los ejercicios propuestos. Cu\u00e1ndo, d\u00f3nde y al ritmo que desees.\u00a0<\/span><\/div>\n<div><u><span style=\"color: #000000;\">\u00bfHabr\u00e1 tutor\u00edas o seguimiento con el\/la profesor\/a ?<\/span><\/u><\/div>\n<div><span style=\"color: #000000;\">\u2022 Tutor\u00edas diarias en cada una de las sesiones impartidas diariamente.\u00a0<\/span><\/div>\n<div><span style=\"color: #000000;\">\u2022 Seguimiento individualizado por parte de la docente al alumnado a fin de solventar dudas y asegurar la adquisici\u00f3n de destrezas y conocimientos determinados para cada bloque de contenidos te\u00f3rico-pr\u00e1cticos<\/span><\/div>\n<\/div>\n<div><\/div>\n<div><strong>*Para cualquier cuesti\u00f3n no dudes en consultarnos y escribir a info@lagaleriaroja.com o al wassap: 645668041<\/strong><\/div>\n","protected":false},"featured_media":7572,"comment_status":"open","ping_status":"closed","template":"","meta":{"_acf_changed":false},"product_brand":[],"product_cat":[106],"product_tag":[],"class_list":{"0":"post-7088","1":"product","2":"type-product","3":"status-publish","4":"has-post-thumbnail","6":"product_cat-curso-anual-online-de-ilustracion","8":"first","9":"instock","10":"taxable","11":"shipping-taxable","12":"purchasable","13":"product-type-variable"},"acf":[],"_links":{"self":[{"href":"https:\/\/lagaleriaroja.com\/en\/wp-json\/wp\/v2\/product\/7088","targetHints":{"allow":["GET"]}}],"collection":[{"href":"https:\/\/lagaleriaroja.com\/en\/wp-json\/wp\/v2\/product"}],"about":[{"href":"https:\/\/lagaleriaroja.com\/en\/wp-json\/wp\/v2\/types\/product"}],"replies":[{"embeddable":true,"href":"https:\/\/lagaleriaroja.com\/en\/wp-json\/wp\/v2\/comments?post=7088"}],"wp:featuredmedia":[{"embeddable":true,"href":"https:\/\/lagaleriaroja.com\/en\/wp-json\/wp\/v2\/media\/7572"}],"wp:attachment":[{"href":"https:\/\/lagaleriaroja.com\/en\/wp-json\/wp\/v2\/media?parent=7088"}],"wp:term":[{"taxonomy":"product_brand","embeddable":true,"href":"https:\/\/lagaleriaroja.com\/en\/wp-json\/wp\/v2\/product_brand?post=7088"},{"taxonomy":"product_cat","embeddable":true,"href":"https:\/\/lagaleriaroja.com\/en\/wp-json\/wp\/v2\/product_cat?post=7088"},{"taxonomy":"product_tag","embeddable":true,"href":"https:\/\/lagaleriaroja.com\/en\/wp-json\/wp\/v2\/product_tag?post=7088"}],"curies":[{"name":"wp","href":"https:\/\/api.w.org\/{rel}","templated":true}]}}