{"id":5125,"date":"2024-04-02T07:55:47","date_gmt":"2024-04-02T07:55:47","guid":{"rendered":"https:\/\/lagaleriaroja.com\/?post_type=product&#038;p=5125"},"modified":"2024-07-24T17:06:03","modified_gmt":"2024-07-24T17:06:03","slug":"workshop-online-de-ilustracion-diseno-de-personajes-con-lutgardo-fernandez","status":"publish","type":"product","link":"https:\/\/lagaleriaroja.com\/en\/producto\/workshop-online-de-ilustracion-diseno-de-personajes-con-lutgardo-fernandez\/","title":{"rendered":"WORKSHOP ONLINE de ILUSTRACI\u00d3N \/\/Dise\u00f1o de personajes\/\/ con Lutgardo Fern\u00e1ndez."},"content":{"rendered":"<div><strong>WORKSHOP ONLINE de ILUSTRACI\u00d3N \/\/Dise\u00f1o de personajes\/\/ con Lutgardo Fern\u00e1ndez.<\/strong><\/div>\n<div><b><br \/>\nFECHA<\/b>: 19, 20 y 21 de julio, 2024.<\/div>\n<div><\/div>\n<div><b>HORARIO<\/b>: (Hora de Madrid)<\/div>\n<div>Viernes, 19 julio. 04:30pm a 07:30pm y de 08:00pm a 11:00pm<\/div>\n<div>S\u00e1bado, 20 de julio. 04:30pm a 07:30pm y de 08:00pm a 11:00pm<\/div>\n<div>Domingo, 21 de julio.\u00a0 04:30pm a 07:30pm y de 08:00pm a 11:00pm<\/div>\n<div>\n<p><span style=\"color: #000000;\"><b>LENGUAJE<\/b> durante el curso: Espa\u00f1ol.<\/span><\/p>\n<p><strong>CONTACTO<\/strong>: <a href=\"mailto:info@lagaleriaroja.com\" target=\"_blank\" rel=\"noopener\" data-mt-detrack-inspected=\"true\">info@lagaleriaroja.<wbr \/>com<\/a><\/p>\n<p><b>Plataforma Online<\/b>: Google Meet.<\/p>\n<p><strong>WORKSHOP ONLINE de ILUSTRACI\u00d3N \/\/Dise\u00f1o de personajes\/\/ con Lutgardo Fern\u00e1ndez.<\/strong><\/p>\n<\/div>\n<div>\n<div>\n<div>A lo largo de los tres d\u00edas del workshop online con Lutgardo nos hablar\u00e1 sobre su experiencia profesional, trato con el cliente y gesti\u00f3n del tiempo. Adem\u00e1s de cuales son sus referencias y manera de enfrentarse al trabajo.<\/div>\n<div>Llevaremos a cabo ejercicios pr\u00e1cticos con el objetivo de recibir feedback de Lutgardo y mejorar nuestra forma de desarrollar nuestros dise\u00f1os de personajes.<\/div>\n<div>En definitiva, d\u00edas de trabajo intenso en el que hablaremos de:<\/div>\n<div>-Repaso y comentario por parte de Lutgardo de algunos trabajos realizados para los estudios ( C\u00f3mo trabajo y c\u00f3mo muestro el trabajo en una producci\u00f3n)<br \/>\n-Elecci\u00f3n de una historia para proceder al dise\u00f1o de los personajes formando un lineup final<br \/>\n(Lectura de la historia, recopilaci\u00f3n de informaci\u00f3n y referencias, dise\u00f1o y color)<br \/>\n-Comentarios, revisi\u00f3n y correcci\u00f3n de los trabajos a trav\u00e9s de drawovers.<\/div>\n<div><\/div>\n<\/div>\n<\/div>\n<div>\n<div dir=\"ltr\">\n<div>\n<div>\n<div>\n<div>\n<div>\n<div><b><u>MATERIALES RECOMENDADOS.<\/u><\/b><\/div>\n<\/div>\n<div>Pc, laptop y tableta. Cintiq o tabletas de alg\u00fan tipo tipo como Ipad.<\/div>\n<div>Si prefieres puede ser papel y l\u00e1pices tradicionales, rotuladores negro y Rojo o bol\u00edgrafos del mismo color.<\/div>\n<\/div>\n<\/div>\n<\/div>\n<\/div>\n<\/div>\n<\/div>\n<div>\n<p><strong>*Preguntas frecuentes<\/strong>:<\/p>\n<p>\u00bfQu\u00e9 pasa si un d\u00eda no puedo ver las clases en vivo?<\/p>\n<p>\u2022 Ning\u00fan problema. Todas las clases son en vivo pero tambi\u00e9n ser\u00e1n grabadas y publicadas en nuestra plataforma. Para que puedas verlos cuando quieras durante la duraci\u00f3n del curso. Esto significa que si no puedes asistir a tu clase en vivo a la hora estipulada, podr\u00e1s verlas en la plataforma hasta el final del curso. Estas videoclases, 1080p, publicadas en la plataforma se pueden visualizar de forma ilimitada durante la duraci\u00f3n del curso pero no se pueden copiar ni descargar. <strong>Tambi\u00e9n se podr\u00e1n visualizar durante 6 meses una vez finalizado el curso.<\/strong><\/p>\n<p>\u00bfCu\u00e1ndo puedo ver en vivo las clases a las que no asist\u00ed?<\/p>\n<p>\u2022 Acceso a la plataforma virtual donde podr\u00e1s consultar toda la informaci\u00f3n o documentaci\u00f3n del curso, acceder a todas las clases ya impartidas o a los ejercicios propuestos.<\/p>\n<p>*Para cualquier consulta, no dudes en contactar con nosotros en el correo electr\u00f3nico: info@lagaleriaroja.com<\/p>\n<\/div>\n","protected":false},"excerpt":{"rendered":"<div><strong>WORKSHOP ONLINE de ILUSTRACI\u00d3N \/\/Dise\u00f1o de personajes\/\/ con Lutgardo Fern\u00e1ndez.<\/strong><\/div>\n<div><b><br \/>\nFECHA<\/b>: 19, 20 y 21 de julio, 2024.<\/div>\n<div><\/div>\n<div><b>HORARIO<\/b>: (Hora de Madrid)<\/div>\n<div>Viernes, 19 julio. 04:30pm a 07:30pm y de 08:00pm a 11:00pm<\/div>\n<div>S\u00e1bado, 20 de julio. 04:30pm a 07:30pm y de 08:00pm a 11:00pm<\/div>\n<div>Domingo, 21 de julio.\u00a0 04:30pm a 07:30pm y de 08:00pm a 11:00pm<\/div>\n<div>\n<p><span style=\"color: #000000;\"><b>LENGUAJE<\/b> durante el curso: Espa\u00f1ol.<\/span><\/p>\n<p><strong>CONTACTO<\/strong>: <a href=\"mailto:info@lagaleriaroja.com\" target=\"_blank\" rel=\"noopener\" data-mt-detrack-inspected=\"true\">info@lagaleriaroja.<wbr \/>com<\/a><\/p>\n<p><b>Plataforma Online<\/b>: Google Meet.<\/p>\n<p><strong>WORKSHOP ONLINE de ILUSTRACI\u00d3N \/\/Dise\u00f1o de personajes\/\/ con Lutgardo Fern\u00e1ndez.<\/strong><\/p>\n<\/div>\n<div>\n<div>\n<div>A lo largo de los tres d\u00edas del workshop online con Lutgardo nos hablar\u00e1 sobre su experiencia profesional, trato con el cliente y gesti\u00f3n del tiempo. Adem\u00e1s de cuales son sus referencias y manera de enfrentarse al trabajo.<\/div>\n<div>Llevaremos a cabo ejercicios pr\u00e1cticos con el objetivo de recibir feedback de Lutgardo y mejorar nuestra forma de desarrollar nuestros dise\u00f1os de personajes.<\/div>\n<div>En definitiva, d\u00edas de trabajo intenso en el que hablaremos de:<\/div>\n<div>-Repaso y comentario por parte de Lutgardo de algunos trabajos realizados para los estudios ( C\u00f3mo trabajo y c\u00f3mo muestro el trabajo en una producci\u00f3n)<br \/>\n-Elecci\u00f3n de una historia para proceder al dise\u00f1o de los personajes formando un lineup final<br \/>\n(Lectura de la historia, recopilaci\u00f3n de informaci\u00f3n y referencias, dise\u00f1o y color)<br \/>\n-Comentarios, revisi\u00f3n y correcci\u00f3n de los trabajos a trav\u00e9s de drawovers.<\/div>\n<div><\/div>\n<\/div>\n<\/div>\n<div>\n<div dir=\"ltr\">\n<div>\n<div>\n<div>\n<div>\n<div>\n<div><b><u>MATERIALES RECOMENDADOS.<\/u><\/b><\/div>\n<\/div>\n<div>Pc, laptop y tableta. Cintiq o tabletas de alg\u00fan tipo tipo como Ipad.<\/div>\n<div>Si prefieres puede ser papel y l\u00e1pices tradicionales, rotuladores negro y Rojo o bol\u00edgrafos del mismo color.<\/div>\n<\/div>\n<\/div>\n<\/div>\n<\/div>\n<\/div>\n<\/div>\n<div>\n<p><strong>*Preguntas frecuentes<\/strong>:<\/p>\n<p>\u00bfQu\u00e9 pasa si un d\u00eda no puedo ver las clases en vivo?<\/p>\n<p>\u2022 Ning\u00fan problema. Todas las clases son en vivo pero tambi\u00e9n ser\u00e1n grabadas y publicadas en nuestra plataforma. Para que puedas verlos cuando quieras durante la duraci\u00f3n del curso. Esto significa que si no puedes asistir a tu clase en vivo a la hora estipulada, podr\u00e1s verlas en la plataforma hasta el final del curso. Estas videoclases, 1080p, publicadas en la plataforma se pueden visualizar de forma ilimitada durante la duraci\u00f3n del curso pero no se pueden copiar ni descargar. <strong>Tambi\u00e9n se podr\u00e1n visualizar durante 6 meses una vez finalizado el curso.<\/strong><\/p>\n<p>\u00bfCu\u00e1ndo puedo ver en vivo las clases a las que no asist\u00ed?<\/p>\n<p>\u2022 Acceso a la plataforma virtual donde podr\u00e1s consultar toda la informaci\u00f3n o documentaci\u00f3n del curso, acceder a todas las clases ya impartidas o a los ejercicios propuestos.<\/p>\n<p>*Para cualquier consulta, no dudes en contactar con nosotros en el correo electr\u00f3nico: info@lagaleriaroja.com<\/p>\n<\/div>\n","protected":false},"featured_media":5126,"comment_status":"open","ping_status":"closed","template":"","meta":{"_acf_changed":false},"product_brand":[],"product_cat":[96],"product_tag":[],"class_list":{"0":"post-5125","1":"product","2":"type-product","3":"status-publish","4":"has-post-thumbnail","6":"product_cat-workshops-online","8":"first","9":"outofstock","10":"virtual","11":"taxable","12":"purchasable","13":"product-type-simple"},"acf":[],"_links":{"self":[{"href":"https:\/\/lagaleriaroja.com\/en\/wp-json\/wp\/v2\/product\/5125","targetHints":{"allow":["GET"]}}],"collection":[{"href":"https:\/\/lagaleriaroja.com\/en\/wp-json\/wp\/v2\/product"}],"about":[{"href":"https:\/\/lagaleriaroja.com\/en\/wp-json\/wp\/v2\/types\/product"}],"replies":[{"embeddable":true,"href":"https:\/\/lagaleriaroja.com\/en\/wp-json\/wp\/v2\/comments?post=5125"}],"wp:featuredmedia":[{"embeddable":true,"href":"https:\/\/lagaleriaroja.com\/en\/wp-json\/wp\/v2\/media\/5126"}],"wp:attachment":[{"href":"https:\/\/lagaleriaroja.com\/en\/wp-json\/wp\/v2\/media?parent=5125"}],"wp:term":[{"taxonomy":"product_brand","embeddable":true,"href":"https:\/\/lagaleriaroja.com\/en\/wp-json\/wp\/v2\/product_brand?post=5125"},{"taxonomy":"product_cat","embeddable":true,"href":"https:\/\/lagaleriaroja.com\/en\/wp-json\/wp\/v2\/product_cat?post=5125"},{"taxonomy":"product_tag","embeddable":true,"href":"https:\/\/lagaleriaroja.com\/en\/wp-json\/wp\/v2\/product_tag?post=5125"}],"curies":[{"name":"wp","href":"https:\/\/api.w.org\/{rel}","templated":true}]}}