{"id":4783,"date":"2024-01-31T10:34:55","date_gmt":"2024-01-31T10:34:55","guid":{"rendered":"https:\/\/lagaleriaroja.com\/?post_type=product&#038;p=4783"},"modified":"2025-02-13T07:11:49","modified_gmt":"2025-02-13T07:11:49","slug":"curso-online-diseno-de-personajes-con-david-navarro","status":"publish","type":"product","link":"https:\/\/lagaleriaroja.com\/en\/producto\/curso-online-diseno-de-personajes-con-david-navarro\/","title":{"rendered":"CURSO ONLINE: Dise\u00f1o de personajes con David Navarro."},"content":{"rendered":"<p><strong>CURSO ONLINE: Dise\u00f1o de personajes con David Navarro.<\/strong><\/p>\n<p><strong>Duraci\u00f3n<\/strong>: 4 semanas. Febrero-Marzo de 2025.<\/p>\n<p><strong>Horario<\/strong>: 05:30pm a 08:30pm (Hora peninsular, Espa\u00f1a)<\/p>\n<p><strong>Niveles<\/strong>: Todos los niveles son bienvenidos.<\/p>\n<p><strong>Formato<\/strong>: Clases en directo con demos, ejercicios, feedback y tutor\u00edas. Las clases tambi\u00e9n quedar\u00e1n grabadas.<\/p>\n<p><strong>Idioma<\/strong> durante el taller: Espa\u00f1ol.<\/p>\n<p><strong>Precio<\/strong>: 250\u20ac<\/p>\n<p><strong>PLAZAS LIMITADAS. 12 M\u00c1XIMO.<\/strong><\/p>\n<p>&nbsp;<\/p>\n<p><strong>CURSO ONLINE: Dise\u00f1o de personajes con David Navarro.<\/strong><\/p>\n<p dir=\"ltr\">Character design con David Navarro<\/p>\n<p dir=\"ltr\">Quiero dar el curso que me hubiera gustado que me dieran a mi.<\/p>\n<p dir=\"ltr\">Mi idea es condensar todo lo que he aprendido estos a\u00f1os entre errores y aciertos.<\/p>\n<p dir=\"ltr\">Repasaremos el apartado m\u00e1s t\u00e9cnico de la profesi\u00f3n, reforzando los pilares o fundamentos basicos.<\/p>\n<p dir=\"ltr\">Hablaremos de c\u00f3mo funciona la industria, como entrar y algunos conceptos clave.<\/p>\n<p dir=\"ltr\">Y todo ello mientras realizamos un peque\u00f1o proyecto que nos servir\u00e1 a modo de portfolio de personajes y sobre el que trabajaremos todo lo que aprendamos.<\/p>\n<p>A lo largo del curso, cubriremos:<\/p>\n<div>\n<p style=\"font-weight: 400;\"><strong>Semana 1<\/strong>:Presentaci\u00f3n del curso y presentaci\u00f3n del proyecto que desarrollaremos basado en una premisa muy sencilla que cada uno llevar\u00e1 a su terreno.<\/p>\n<p dir=\"ltr\">Hablaremos de c\u00f3mo empezar un proyecto, de donde partir, c\u00f3mo buscar referencias y sobre todo c\u00f3mo utilizarlas.<\/p>\n<p dir=\"ltr\">Trabajaremos el target y objetivo de nuestra historia y c\u00f3mo ajustarnos a \u00e9l sobre todo a trav\u00e9s de las proporciones y las formas de nuestros personajes.<\/p>\n<p dir=\"ltr\">Veremos c\u00f3mo construir la historia de nuestro personaje, entender qui\u00e9n es y c\u00f3mo es a trav\u00e9s de su dise\u00f1o partiendo de una descripci\u00f3n escrita pero trabajando y pens\u00e1ndolo a trav\u00e9s del dibujo y las pruebas, dejando margen para construir por el camino y dejarnos sorprender con algunos trucos para guiar nuestros dise\u00f1os.<\/p>\n<p dir=\"ltr\">Por \u00faltimo hablaremos un poco de c\u00f3mo funciona el proceso creativo y c\u00f3mo contar historias a trav\u00e9s de nuestros personajes.<\/p>\n<div><span style=\"color: #000000;\">Viernes 21 de febrero 5:30 pm. a 8:30 p.m.<\/span><\/div>\n<div><span style=\"color: #000000;\"><span class=\"im\">Martes 25 de febrero\u00a0 5:30 pm. a 8:30 p.m.<br \/>\nMi\u00e9rcoles 26 de febrero 5:30 pm. a 8:30 p.m.<\/span><\/span><\/div>\n<p style=\"font-weight: 400;\"><strong>Semana 2: <\/strong>Recopilando el trabajo de b\u00fasqueda de la semana anterior y con la historia algo m\u00e1s clara\u00a0construiremos un primer Line up sobre el que trabajar diferencias y similitudes de nuestros personajes.<\/p>\n<p dir=\"ltr\">Veremos la importancia de encontrar contraste y variabilidad entre ellos manteniendo un estilo claro y cohesivo para todos.<\/p>\n<p dir=\"ltr\">Repasaremos conceptos importantes como la psicolog\u00eda de las formas, el dinamismo y el contraste tratando de simplificar y hacer memorables nuestros dise\u00f1os.<\/p>\n<p dir=\"ltr\">Comentaremos algunas t\u00e9cnicas para probar variaciones sin perder el norte.<\/p>\n<p dir=\"ltr\">Por \u00faltimo definiremos bien la cara, veremos qu\u00e9 elementos son m\u00e1s importantes y atraen m\u00e1s la atenci\u00f3n.<\/p>\n<div><span style=\"color: #000000;\">Viernes 28 de febrero 5:30 pm. a 8:30 p.m.<\/span><\/div>\n<div><span style=\"color: #000000;\">Martes 4 de marzo\u00a0 5:30 pm. a 8:30 p.m.<br \/>\n<span class=\"im\">Mi\u00e9rcoles 5 de marzo 5:30 pm. a 8:30 p.m.<\/span><\/span><\/div>\n<p style=\"font-weight: 400;\"><strong>Semana 3<\/strong>:Trabajaremos l\u00edneas finales de los personajes ya definidos con la intenci\u00f3n de buscar un render final que defina la producci\u00f3n.<\/p>\n<p dir=\"ltr\">Entraremos de lleno en el tema del color, trat\u00e1ndolo como una herramienta m\u00e1s a nuestro servicio para explicar la historia y veremos c\u00f3mo utilizarlo de forma clara y sencilla.<\/p>\n<p dir=\"ltr\">Tocaremos temas fundamentales como la teor\u00eda del color, el contraste de valores y la psicolog\u00eda del color. Veremos c\u00f3mo hacer diferentes iteraciones para escoger la que m\u00e1s nos funcione.<\/p>\n<p dir=\"ltr\">Hablaremos de mi proceso de trabajo, de c\u00f3mo entiendo el color local, como aplico texturas y para qu\u00e9 y finalmente c\u00f3mo trabajar de manera sencilla una iluminaci\u00f3n definitiva que pueda poner a nuestro personaje en un ambiente concreto y romper el blanco de fondo.<\/p>\n<div><span style=\"color: #000000;\">Viernes 7 de marzo 5:30 pm. a 8:30 p.m.<\/span><\/div>\n<div><span style=\"color: #000000;\"><span class=\"im\">Martes 11 de marzo 5:30 pm. a 8:30 p.m.<br \/>\nMi\u00e9rcoles 12 de marzo 5:30 pm. a 8:30 p.m.<\/span><\/span><\/div>\n<p style=\"font-weight: 400;\"><strong>Semana 4<\/strong>:Una vez bien dise\u00f1ados nuestros personajes les daremos vida.<\/p>\n<p dir=\"ltr\">Veremos c\u00f3mo conocerlos a trav\u00e9s de sus poses y movimientos y la importancia de las expresiones que escojamos para trabajar.<\/p>\n<p dir=\"ltr\">C\u00f3mo generar y expresar emociones y donde buscar referencias y sobre todo como forzarlas y hasta donde.<\/p>\n<p dir=\"ltr\">Definiremos los model sheets, mientras entendemos que son y para que se usan.<\/p>\n<p style=\"font-weight: 400;\">Veremos poses y movimientos. Hablaremos de props y cambios de vestuario, como trabajarlos y mantenerlos dentro del estilo, hasta que punto es necesario desarrollarlos y como pueden ayudarnos a explicar la historia de nuestro personaje.<\/p>\n<p style=\"font-weight: 400;\">Veremos como podemos completar nuestra biblia de personajes con algo mas de trabajo t\u00e9cnico que nos ayude tanto a nosotros como al resto de personas que trabajaran con estos personajes a entenderlos.<\/p>\n<p dir=\"ltr\">Haremos repaso general del curso y resolveremos dudas y\/o ampliaremos alguna parte si es necesario.<\/p>\n<div><span style=\"color: #000000;\">Viernes 14 de marzo 5:30 pm. a 8:30 p.m.<\/span><\/div>\n<div><span style=\"color: #000000;\"><span class=\"im\">Martes 18 de marzo 5:30 pm. a 8:30 p.m.<br \/>\nMi\u00e9rcoles 19 de marzo\u00a0 5:30 pm. a 8:30 p.m.<\/span><\/span><\/div>\n<\/div>\n<p>\u25feMateriales recomendados: Pc o port\u00e1til, tableta y photoshop. L\u00e1piz y papel.<br \/>\n\u25feCualquier cuesti\u00f3n o duda al mail: info@lagaleriaroja.com<\/p>\n<p>&nbsp;<\/p>\n<p><strong>*Preguntas frecuentes<\/strong>:<\/p>\n<p>\u00bfQu\u00e9 pasa si un d\u00eda no puedo ver las clases en vivo?<\/p>\n<p>\u2022 Ning\u00fan problema. Todas las clases son en vivo pero tambi\u00e9n ser\u00e1n grabadas y publicadas en nuestra plataforma. Para que puedas verlos cuando quieras durante la duraci\u00f3n del curso. Esto significa que si no puedes asistir a tu clase en vivo a la hora estipulada, podr\u00e1s verlas en la plataforma hasta el final del curso. Estas videoclases publicadas en la plataforma se pueden visualizar de forma ilimitada durante la duraci\u00f3n del curso pero no se pueden copiar ni descargar. Tambi\u00e9n se podr\u00e1n visualizar durante <strong>6 meses<\/strong> una vez finalizado el curso.<\/p>\n<p>\u00bfCu\u00e1ndo puedo ver en vivo las clases a las que no asist\u00ed?<\/p>\n<p>\u2022 Acceso a la plataforma virtual donde podr\u00e1s consultar toda la informaci\u00f3n o documentaci\u00f3n del curso, acceder a todas las clases ya impartidas o a los ejercicios propuestos.<\/p>\n","protected":false},"excerpt":{"rendered":"<p><strong>CURSO ONLINE: Dise\u00f1o de personajes con David Navarro.<\/strong><\/p>\n<p><strong>Duraci\u00f3n<\/strong>: 4 semanas. Febrero-Marzo de 2025.<\/p>\n<p><strong>Horario<\/strong>: 05:30pm a 08:30pm (Hora peninsular, Espa\u00f1a)<\/p>\n<p><strong>Niveles<\/strong>: Todos los niveles son bienvenidos.<\/p>\n<p><strong>Formato<\/strong>: Clases en directo con demos, ejercicios, feedback y tutor\u00edas. Las clases tambi\u00e9n quedar\u00e1n grabadas.<\/p>\n<p><strong>Idioma<\/strong> durante el taller: Espa\u00f1ol.<\/p>\n<p><strong>Precio<\/strong>: 250\u20ac<\/p>\n<p><strong>PLAZAS LIMITADAS. 12 M\u00c1XIMO.<\/strong><\/p>\n<p>&nbsp;<\/p>\n<p><strong>CURSO ONLINE: Dise\u00f1o de personajes con David Navarro.<\/strong><\/p>\n<p dir=\"ltr\">Character design con David Navarro<\/p>\n<p dir=\"ltr\">Quiero dar el curso que me hubiera gustado que me dieran a mi.<\/p>\n<p dir=\"ltr\">Mi idea es condensar todo lo que he aprendido estos a\u00f1os entre errores y aciertos.<\/p>\n<p dir=\"ltr\">Repasaremos el apartado m\u00e1s t\u00e9cnico de la profesi\u00f3n, reforzando los pilares o fundamentos basicos.<\/p>\n<p dir=\"ltr\">Hablaremos de c\u00f3mo funciona la industria, como entrar y algunos conceptos clave.<\/p>\n<p dir=\"ltr\">Y todo ello mientras realizamos un peque\u00f1o proyecto que nos servir\u00e1 a modo de portfolio de personajes y sobre el que trabajaremos todo lo que aprendamos.<\/p>\n<p>A lo largo del curso, cubriremos:<\/p>\n<div>\n<p style=\"font-weight: 400;\"><strong>Semana 1<\/strong>:Presentaci\u00f3n del curso y presentaci\u00f3n del proyecto que desarrollaremos basado en una premisa muy sencilla que cada uno llevar\u00e1 a su terreno.<\/p>\n<p dir=\"ltr\">Hablaremos de c\u00f3mo empezar un proyecto, de donde partir, c\u00f3mo buscar referencias y sobre todo c\u00f3mo utilizarlas.<\/p>\n<p dir=\"ltr\">Trabajaremos el target y objetivo de nuestra historia y c\u00f3mo ajustarnos a \u00e9l sobre todo a trav\u00e9s de las proporciones y las formas de nuestros personajes.<\/p>\n<p dir=\"ltr\">Veremos c\u00f3mo construir la historia de nuestro personaje, entender qui\u00e9n es y c\u00f3mo es a trav\u00e9s de su dise\u00f1o partiendo de una descripci\u00f3n escrita pero trabajando y pens\u00e1ndolo a trav\u00e9s del dibujo y las pruebas, dejando margen para construir por el camino y dejarnos sorprender con algunos trucos para guiar nuestros dise\u00f1os.<\/p>\n<p dir=\"ltr\">Por \u00faltimo hablaremos un poco de c\u00f3mo funciona el proceso creativo y c\u00f3mo contar historias a trav\u00e9s de nuestros personajes.<\/p>\n<div><span style=\"color: #000000;\">Viernes 21 de febrero 5:30 pm. a 8:30 p.m.<\/span><\/div>\n<div><span style=\"color: #000000;\"><span class=\"im\">Martes 25 de febrero\u00a0 5:30 pm. a 8:30 p.m.<br \/>\nMi\u00e9rcoles 26 de febrero 5:30 pm. a 8:30 p.m.<\/span><\/span><\/div>\n<p style=\"font-weight: 400;\"><strong>Semana 2: <\/strong>Recopilando el trabajo de b\u00fasqueda de la semana anterior y con la historia algo m\u00e1s clara\u00a0construiremos un primer Line up sobre el que trabajar diferencias y similitudes de nuestros personajes.<\/p>\n<p dir=\"ltr\">Veremos la importancia de encontrar contraste y variabilidad entre ellos manteniendo un estilo claro y cohesivo para todos.<\/p>\n<p dir=\"ltr\">Repasaremos conceptos importantes como la psicolog\u00eda de las formas, el dinamismo y el contraste tratando de simplificar y hacer memorables nuestros dise\u00f1os.<\/p>\n<p dir=\"ltr\">Comentaremos algunas t\u00e9cnicas para probar variaciones sin perder el norte.<\/p>\n<p dir=\"ltr\">Por \u00faltimo definiremos bien la cara, veremos qu\u00e9 elementos son m\u00e1s importantes y atraen m\u00e1s la atenci\u00f3n.<\/p>\n<div><span style=\"color: #000000;\">Viernes 28 de febrero 5:30 pm. a 8:30 p.m.<\/span><\/div>\n<div><span style=\"color: #000000;\">Martes 4 de marzo\u00a0 5:30 pm. a 8:30 p.m.<br \/>\n<span class=\"im\">Mi\u00e9rcoles 5 de marzo 5:30 pm. a 8:30 p.m.<\/span><\/span><\/div>\n<p style=\"font-weight: 400;\"><strong>Semana 3<\/strong>:Trabajaremos l\u00edneas finales de los personajes ya definidos con la intenci\u00f3n de buscar un render final que defina la producci\u00f3n.<\/p>\n<p dir=\"ltr\">Entraremos de lleno en el tema del color, trat\u00e1ndolo como una herramienta m\u00e1s a nuestro servicio para explicar la historia y veremos c\u00f3mo utilizarlo de forma clara y sencilla.<\/p>\n<p dir=\"ltr\">Tocaremos temas fundamentales como la teor\u00eda del color, el contraste de valores y la psicolog\u00eda del color. Veremos c\u00f3mo hacer diferentes iteraciones para escoger la que m\u00e1s nos funcione.<\/p>\n<p dir=\"ltr\">Hablaremos de mi proceso de trabajo, de c\u00f3mo entiendo el color local, como aplico texturas y para qu\u00e9 y finalmente c\u00f3mo trabajar de manera sencilla una iluminaci\u00f3n definitiva que pueda poner a nuestro personaje en un ambiente concreto y romper el blanco de fondo.<\/p>\n<div><span style=\"color: #000000;\">Viernes 7 de marzo 5:30 pm. a 8:30 p.m.<\/span><\/div>\n<div><span style=\"color: #000000;\"><span class=\"im\">Martes 11 de marzo 5:30 pm. a 8:30 p.m.<br \/>\nMi\u00e9rcoles 12 de marzo 5:30 pm. a 8:30 p.m.<\/span><\/span><\/div>\n<p style=\"font-weight: 400;\"><strong>Semana 4<\/strong>:Una vez bien dise\u00f1ados nuestros personajes les daremos vida.<\/p>\n<p dir=\"ltr\">Veremos c\u00f3mo conocerlos a trav\u00e9s de sus poses y movimientos y la importancia de las expresiones que escojamos para trabajar.<\/p>\n<p dir=\"ltr\">C\u00f3mo generar y expresar emociones y donde buscar referencias y sobre todo como forzarlas y hasta donde.<\/p>\n<p dir=\"ltr\">Definiremos los model sheets, mientras entendemos que son y para que se usan.<\/p>\n<p style=\"font-weight: 400;\">Veremos poses y movimientos. Hablaremos de props y cambios de vestuario, como trabajarlos y mantenerlos dentro del estilo, hasta que punto es necesario desarrollarlos y como pueden ayudarnos a explicar la historia de nuestro personaje.<\/p>\n<p style=\"font-weight: 400;\">Veremos como podemos completar nuestra biblia de personajes con algo mas de trabajo t\u00e9cnico que nos ayude tanto a nosotros como al resto de personas que trabajaran con estos personajes a entenderlos.<\/p>\n<p dir=\"ltr\">Haremos repaso general del curso y resolveremos dudas y\/o ampliaremos alguna parte si es necesario.<\/p>\n<div><span style=\"color: #000000;\">Viernes 14 de marzo 5:30 pm. a 8:30 p.m.<\/span><\/div>\n<div><span style=\"color: #000000;\"><span class=\"im\">Martes 18 de marzo 5:30 pm. a 8:30 p.m.<br \/>\nMi\u00e9rcoles 19 de marzo\u00a0 5:30 pm. a 8:30 p.m.<\/span><\/span><\/div>\n<\/div>\n<p>\u25feMateriales recomendados: Pc o port\u00e1til, tableta y photoshop. L\u00e1piz y papel.<br \/>\n\u25feCualquier cuesti\u00f3n o duda al mail: info@lagaleriaroja.com<\/p>\n<p>&nbsp;<\/p>\n<p><strong>*Preguntas frecuentes<\/strong>:<\/p>\n<p>\u00bfQu\u00e9 pasa si un d\u00eda no puedo ver las clases en vivo?<\/p>\n<p>\u2022 Ning\u00fan problema. Todas las clases son en vivo pero tambi\u00e9n ser\u00e1n grabadas y publicadas en nuestra plataforma. Para que puedas verlos cuando quieras durante la duraci\u00f3n del curso. Esto significa que si no puedes asistir a tu clase en vivo a la hora estipulada, podr\u00e1s verlas en la plataforma hasta el final del curso. Estas videoclases publicadas en la plataforma se pueden visualizar de forma ilimitada durante la duraci\u00f3n del curso pero no se pueden copiar ni descargar. Tambi\u00e9n se podr\u00e1n visualizar durante <strong>6 meses<\/strong> una vez finalizado el curso.<\/p>\n<p>\u00bfCu\u00e1ndo puedo ver en vivo las clases a las que no asist\u00ed?<\/p>\n<p>\u2022 Acceso a la plataforma virtual donde podr\u00e1s consultar toda la informaci\u00f3n o documentaci\u00f3n del curso, acceder a todas las clases ya impartidas o a los ejercicios propuestos.<\/p>\n","protected":false},"featured_media":6644,"comment_status":"open","ping_status":"closed","template":"","meta":{"_acf_changed":false},"product_brand":[],"product_cat":[105],"product_tag":[],"class_list":{"0":"post-4783","1":"product","2":"type-product","3":"status-publish","4":"has-post-thumbnail","6":"product_cat-cursos-online-mensuales","8":"first","9":"instock","10":"virtual","11":"taxable","12":"purchasable","13":"product-type-simple"},"acf":[],"_links":{"self":[{"href":"https:\/\/lagaleriaroja.com\/en\/wp-json\/wp\/v2\/product\/4783","targetHints":{"allow":["GET"]}}],"collection":[{"href":"https:\/\/lagaleriaroja.com\/en\/wp-json\/wp\/v2\/product"}],"about":[{"href":"https:\/\/lagaleriaroja.com\/en\/wp-json\/wp\/v2\/types\/product"}],"replies":[{"embeddable":true,"href":"https:\/\/lagaleriaroja.com\/en\/wp-json\/wp\/v2\/comments?post=4783"}],"wp:featuredmedia":[{"embeddable":true,"href":"https:\/\/lagaleriaroja.com\/en\/wp-json\/wp\/v2\/media\/6644"}],"wp:attachment":[{"href":"https:\/\/lagaleriaroja.com\/en\/wp-json\/wp\/v2\/media?parent=4783"}],"wp:term":[{"taxonomy":"product_brand","embeddable":true,"href":"https:\/\/lagaleriaroja.com\/en\/wp-json\/wp\/v2\/product_brand?post=4783"},{"taxonomy":"product_cat","embeddable":true,"href":"https:\/\/lagaleriaroja.com\/en\/wp-json\/wp\/v2\/product_cat?post=4783"},{"taxonomy":"product_tag","embeddable":true,"href":"https:\/\/lagaleriaroja.com\/en\/wp-json\/wp\/v2\/product_tag?post=4783"}],"curies":[{"name":"wp","href":"https:\/\/api.w.org\/{rel}","templated":true}]}}