{"id":4059,"date":"2023-11-05T18:07:25","date_gmt":"2023-11-05T18:07:25","guid":{"rendered":"https:\/\/lagaleriaroja.com\/?post_type=product&#038;p=4059"},"modified":"2024-06-18T06:29:06","modified_gmt":"2024-06-18T06:29:06","slug":"workshop-de-ilustracion-con-nuria-tamarit-2","status":"publish","type":"product","link":"https:\/\/lagaleriaroja.com\/en\/producto\/workshop-de-ilustracion-con-nuria-tamarit-2\/","title":{"rendered":"Workshop de ilustraci\u00f3n con Nuria Tamarit."},"content":{"rendered":"<p><b><u><span style=\"color: #000000;\">CURSO ONLINE de ILUSTRACI\u00d3N\u00a0 con\u00a0<span class=\"il\">Nuria<\/span>\u00a0<span class=\"il\">Tamarit<\/span>.<\/span><\/u><\/b><\/p>\n<div>\n<div><span style=\"color: #000000;\">\u00a0<\/span><\/div>\n<div><span style=\"color: #000000;\"><b>FECHA<\/b>: 22, 23 &amp; 24 marzo de 2024.<\/span><\/div>\n<div><span style=\"color: #000000;\"><b>Duraci\u00f3n<\/b>: 18 horas.\u00a0<\/span><span style=\"color: #000000;\">\u00a0<\/span><\/div>\n<div><span style=\"color: #000000;\"><b>Horario<\/b>: (Hora Madrid, Espa\u00f1a)<\/span><\/div>\n<div><span style=\"color: #000000;\">Viernes\u00a018:00h a 22:00h.<\/span><\/div>\n<div><span style=\"color: #000000;\">S\u00e1bado 10:00 a 14:00 y de 15:30 a 18:30h.<\/span><\/div>\n<div><span style=\"color: #000000;\">\u00a0Domingo 10:00 a 14:00 y de 15:30 a 18:30h<\/span><\/div>\n<div><span style=\"color: #000000;\"><b>Idioma<\/b>\u00a0durante el taller: Espa\u00f1ol.\u00a0<\/span><\/div>\n<div><span style=\"color: #000000;\"><b>INFO &amp; RESERVAS<\/b>:\u00a0<a href=\"mailto:info@lagaleriaroja.com\" target=\"_blank\" rel=\"noopener\" data-mt-detrack-inspected=\"true\">info@lagaleriaroja.<wbr \/>com<\/a><\/span><\/div>\n<div><span style=\"color: #000000;\"><b>Plataforma:\u00a0<\/b>GoogleMeet<\/span><\/div>\n<\/div>\n<div><\/div>\n<div><strong>+ sobre Nuria Tamarit:<\/strong>\u00a0<a href=\"https:\/\/www.instagram.com\/nuriatamarit\/?hl=es\">https:\/\/www.instagram.com\/nuriatamarit\/?hl=es<\/a><\/div>\n<div>\n<div>\n<div><span style=\"color: #000000;\">\u00a0<\/span><\/div>\n<div><b><u><span style=\"color: #000000;\">INFORMACI\u00d3N DEL CURSO.<\/span><\/u><\/b><\/div>\n<div><span style=\"color: #000000;\">\u00a0<\/span><\/div>\n<div>\n<blockquote><p><span style=\"color: #000000;\">El curso pretende presentar la metodolog\u00eda a trav\u00e9s de la cual\u00a0<span class=\"il\">Nuria<\/span>\u00a0realiza sus ilustraciones. Acompa\u00f1ando al alumno a trav\u00e9s de un proceso de trabajo simple y estructurado y mostrando las t\u00e9cnicas tanto tradicionales como digitales as\u00ed como las herramientas habituales de trabajo de\u00a0<span class=\"il\">Nuria<\/span>.<\/span><\/p>\n<p>El objetivo del curso es, a trav\u00e9s de una serie de ejercicios y con apoyo de conocimientos te\u00f3ricos, ayudar al alumno a abordar una ilustraci\u00f3n desde el folio en blanco hasta su exportaci\u00f3n final para imprenta o medios digitales. Haciendo hincapi\u00e9 en los conceptos o fases que\u00a0<span class=\"il\">Nuria<\/span>\u00a0considera b\u00e1sicos para la realizaci\u00f3n de una imagen.<\/p><\/blockquote>\n<blockquote>\n<ul>\n<li><span style=\"color: #000000;\">Concepto<\/span><\/li>\n<li><span style=\"color: #000000;\">Traducci\u00f3n de palabras a im\u00e1genes<\/span><\/li>\n<li><span style=\"color: #000000;\">Bocetos<\/span><\/li>\n<li><span style=\"color: #000000;\">Realizaci\u00f3n<\/span><\/li>\n<li><span style=\"color: #000000;\">Exportaci\u00f3n<\/span><\/li>\n<\/ul>\n<\/blockquote>\n<\/div>\n<div><span style=\"color: #000000;\">A lo largo de los tres d\u00edas del curso se llevaran a cabo de ejercicios, resoluci\u00f3n de ideas y aplicaciones pr\u00e1cticas de las ense\u00f1anzas aportadas por\u00a0<span class=\"il\">Nuria<\/span>.<\/span><\/div>\n<div><span style=\"color: #000000;\">As\u00ed como un seguimiento personalizado de dudas y todas las cuestiones a resolver.\u00a0<\/span><\/div>\n<div><\/div>\n<div><b><u><span style=\"color: #000000;\">*Preguntas frecuentes:<\/span><\/u><\/b><\/div>\n<div><span style=\"color: #000000;\">\u00a0<\/span><\/div>\n<div><u><span style=\"color: #000000;\">\u00bfQu\u00e9 sucede si no puedo ver alg\u00fan d\u00eda las clases en directo?\u00a0<\/span><\/u><\/div>\n<div><span style=\"color: #000000;\">\u00a0<\/span><\/div>\n<\/div>\n<div><span style=\"color: #000000;\">No hay problema. Todas las clases son en directo pero adem\u00e1s ser\u00e1n grabadas y colgadas en nuestra plataforma. Para que las puedas ver cuando quieras durante toda la duraci\u00f3n del curso. Esto significa que sino puedes asistir a tu clase en directo a la hora estipulada podr\u00e1s verlas en la plataforma hasta que el curso finalice. Estos v\u00eddeo-clases colgados en la plataforma se podr\u00e1n visualizar de forma ilimitada durante la duraci\u00f3n del curso e incluso durante 6 meses tras su finalizaci\u00f3n pero no se podr\u00e1n copiar ni descargar.\u00a0<\/span><\/div>\n<div><span style=\"color: #000000;\">\u00a0<\/span><\/div>\n<div><u><span style=\"color: #000000;\">\u00bfCu\u00e1ndo puedo ver las clases a los que no asist\u00ed en directo?<\/span><\/u><\/div>\n<div><span style=\"color: #000000;\">\u00a0<\/span><\/div>\n<div><span style=\"color: #000000;\">\u2022 Acceso a la plataforma virtual donde se podr\u00e1 consultar toda la informaci\u00f3n o documentaci\u00f3n del curso, acceder a todas las clases que ya hayan sido impartidas o a los ejercicios propuestos. Cu\u00e1ndo, d\u00f3nde y al ritmo que desees.\u00a0<\/span><\/div>\n<\/div>\n<div><\/div>\n<div><strong>*Para cualquier cuesti\u00f3n no dudes en consultarnos al correo: info@lagaleriaroja.com\u00a0<\/strong><\/div>\n","protected":false},"excerpt":{"rendered":"<p><b><u><span style=\"color: #000000;\">CURSO ONLINE de ILUSTRACI\u00d3N\u00a0 con\u00a0<span class=\"il\">Nuria<\/span>\u00a0<span class=\"il\">Tamarit<\/span>.<\/span><\/u><\/b><\/p>\n<div>\n<div><span style=\"color: #000000;\">\u00a0<\/span><\/div>\n<div><span style=\"color: #000000;\"><b>FECHA<\/b>: 22, 23 &amp; 24 marzo de 2024.<\/span><\/div>\n<div><span style=\"color: #000000;\"><b>Duraci\u00f3n<\/b>: 18 horas.\u00a0<\/span><span style=\"color: #000000;\">\u00a0<\/span><\/div>\n<div><span style=\"color: #000000;\"><b>Horario<\/b>: (Hora Madrid, Espa\u00f1a)<\/span><\/div>\n<div><span style=\"color: #000000;\">Viernes\u00a018:00h a 22:00h.<\/span><\/div>\n<div><span style=\"color: #000000;\">S\u00e1bado 10:00 a 14:00 y de 15:30 a 18:30h.<\/span><\/div>\n<div><span style=\"color: #000000;\">\u00a0Domingo 10:00 a 14:00 y de 15:30 a 18:30h<\/span><\/div>\n<div><span style=\"color: #000000;\"><b>Idioma<\/b>\u00a0durante el taller: Espa\u00f1ol.\u00a0<\/span><\/div>\n<div><span style=\"color: #000000;\"><b>INFO &amp; RESERVAS<\/b>:\u00a0<a href=\"mailto:info@lagaleriaroja.com\" target=\"_blank\" rel=\"noopener\" data-mt-detrack-inspected=\"true\">info@lagaleriaroja.<wbr \/>com<\/a><\/span><\/div>\n<div><span style=\"color: #000000;\"><b>Plataforma:\u00a0<\/b>GoogleMeet<\/span><\/div>\n<\/div>\n<div><\/div>\n<div><strong>+ sobre Nuria Tamarit:<\/strong>\u00a0<a href=\"https:\/\/www.instagram.com\/nuriatamarit\/?hl=es\">https:\/\/www.instagram.com\/nuriatamarit\/?hl=es<\/a><\/div>\n<div>\n<div>\n<div><span style=\"color: #000000;\">\u00a0<\/span><\/div>\n<div><b><u><span style=\"color: #000000;\">INFORMACI\u00d3N DEL CURSO.<\/span><\/u><\/b><\/div>\n<div><span style=\"color: #000000;\">\u00a0<\/span><\/div>\n<div>\n<blockquote><p><span style=\"color: #000000;\">El curso pretende presentar la metodolog\u00eda a trav\u00e9s de la cual\u00a0<span class=\"il\">Nuria<\/span>\u00a0realiza sus ilustraciones. Acompa\u00f1ando al alumno a trav\u00e9s de un proceso de trabajo simple y estructurado y mostrando las t\u00e9cnicas tanto tradicionales como digitales as\u00ed como las herramientas habituales de trabajo de\u00a0<span class=\"il\">Nuria<\/span>.<\/span><\/p>\n<p>El objetivo del curso es, a trav\u00e9s de una serie de ejercicios y con apoyo de conocimientos te\u00f3ricos, ayudar al alumno a abordar una ilustraci\u00f3n desde el folio en blanco hasta su exportaci\u00f3n final para imprenta o medios digitales. Haciendo hincapi\u00e9 en los conceptos o fases que\u00a0<span class=\"il\">Nuria<\/span>\u00a0considera b\u00e1sicos para la realizaci\u00f3n de una imagen.<\/p><\/blockquote>\n<blockquote>\n<ul>\n<li><span style=\"color: #000000;\">Concepto<\/span><\/li>\n<li><span style=\"color: #000000;\">Traducci\u00f3n de palabras a im\u00e1genes<\/span><\/li>\n<li><span style=\"color: #000000;\">Bocetos<\/span><\/li>\n<li><span style=\"color: #000000;\">Realizaci\u00f3n<\/span><\/li>\n<li><span style=\"color: #000000;\">Exportaci\u00f3n<\/span><\/li>\n<\/ul>\n<\/blockquote>\n<\/div>\n<div><span style=\"color: #000000;\">A lo largo de los tres d\u00edas del curso se llevaran a cabo de ejercicios, resoluci\u00f3n de ideas y aplicaciones pr\u00e1cticas de las ense\u00f1anzas aportadas por\u00a0<span class=\"il\">Nuria<\/span>.<\/span><\/div>\n<div><span style=\"color: #000000;\">As\u00ed como un seguimiento personalizado de dudas y todas las cuestiones a resolver.\u00a0<\/span><\/div>\n<div><\/div>\n<div><b><u><span style=\"color: #000000;\">*Preguntas frecuentes:<\/span><\/u><\/b><\/div>\n<div><span style=\"color: #000000;\">\u00a0<\/span><\/div>\n<div><u><span style=\"color: #000000;\">\u00bfQu\u00e9 sucede si no puedo ver alg\u00fan d\u00eda las clases en directo?\u00a0<\/span><\/u><\/div>\n<div><span style=\"color: #000000;\">\u00a0<\/span><\/div>\n<\/div>\n<div><span style=\"color: #000000;\">No hay problema. Todas las clases son en directo pero adem\u00e1s ser\u00e1n grabadas y colgadas en nuestra plataforma. Para que las puedas ver cuando quieras durante toda la duraci\u00f3n del curso. Esto significa que sino puedes asistir a tu clase en directo a la hora estipulada podr\u00e1s verlas en la plataforma hasta que el curso finalice. Estos v\u00eddeo-clases colgados en la plataforma se podr\u00e1n visualizar de forma ilimitada durante la duraci\u00f3n del curso e incluso durante 6 meses tras su finalizaci\u00f3n pero no se podr\u00e1n copiar ni descargar.\u00a0<\/span><\/div>\n<div><span style=\"color: #000000;\">\u00a0<\/span><\/div>\n<div><u><span style=\"color: #000000;\">\u00bfCu\u00e1ndo puedo ver las clases a los que no asist\u00ed en directo?<\/span><\/u><\/div>\n<div><span style=\"color: #000000;\">\u00a0<\/span><\/div>\n<div><span style=\"color: #000000;\">\u2022 Acceso a la plataforma virtual donde se podr\u00e1 consultar toda la informaci\u00f3n o documentaci\u00f3n del curso, acceder a todas las clases que ya hayan sido impartidas o a los ejercicios propuestos. Cu\u00e1ndo, d\u00f3nde y al ritmo que desees.\u00a0<\/span><\/div>\n<\/div>\n<div><\/div>\n<div><strong>*Para cualquier cuesti\u00f3n no dudes en consultarnos al correo: info@lagaleriaroja.com\u00a0<\/strong><\/div>\n","protected":false},"featured_media":4060,"comment_status":"open","ping_status":"closed","template":"","meta":{"_acf_changed":false},"product_brand":[],"product_cat":[96],"product_tag":[],"class_list":{"0":"post-4059","1":"product","2":"type-product","3":"status-publish","4":"has-post-thumbnail","6":"product_cat-workshops-online","8":"first","9":"outofstock","10":"virtual","11":"taxable","12":"purchasable","13":"product-type-simple"},"acf":[],"_links":{"self":[{"href":"https:\/\/lagaleriaroja.com\/en\/wp-json\/wp\/v2\/product\/4059","targetHints":{"allow":["GET"]}}],"collection":[{"href":"https:\/\/lagaleriaroja.com\/en\/wp-json\/wp\/v2\/product"}],"about":[{"href":"https:\/\/lagaleriaroja.com\/en\/wp-json\/wp\/v2\/types\/product"}],"replies":[{"embeddable":true,"href":"https:\/\/lagaleriaroja.com\/en\/wp-json\/wp\/v2\/comments?post=4059"}],"wp:featuredmedia":[{"embeddable":true,"href":"https:\/\/lagaleriaroja.com\/en\/wp-json\/wp\/v2\/media\/4060"}],"wp:attachment":[{"href":"https:\/\/lagaleriaroja.com\/en\/wp-json\/wp\/v2\/media?parent=4059"}],"wp:term":[{"taxonomy":"product_brand","embeddable":true,"href":"https:\/\/lagaleriaroja.com\/en\/wp-json\/wp\/v2\/product_brand?post=4059"},{"taxonomy":"product_cat","embeddable":true,"href":"https:\/\/lagaleriaroja.com\/en\/wp-json\/wp\/v2\/product_cat?post=4059"},{"taxonomy":"product_tag","embeddable":true,"href":"https:\/\/lagaleriaroja.com\/en\/wp-json\/wp\/v2\/product_tag?post=4059"}],"curies":[{"name":"wp","href":"https:\/\/api.w.org\/{rel}","templated":true}]}}