{"id":4001,"date":"2023-10-30T18:49:39","date_gmt":"2023-10-30T18:49:39","guid":{"rendered":"https:\/\/lagaleriaroja.com\/?post_type=product&#038;p=4001"},"modified":"2023-12-29T09:18:17","modified_gmt":"2023-12-29T09:18:17","slug":"curso-online-diseno-de-personajes-con-alberto-exposito","status":"publish","type":"product","link":"https:\/\/lagaleriaroja.com\/en\/producto\/curso-online-diseno-de-personajes-con-alberto-exposito\/","title":{"rendered":"CURSO ONLINE: Dise\u00f1o de personajes con Alberto Exp\u00f3sito."},"content":{"rendered":"<p><strong>CURSO ONLINE: Dise\u00f1o de personajes con Alberto Exp\u00f3sito.\u00a0<\/strong><\/p>\n<p><strong>Duraci\u00f3n<\/strong>: 6 semanas. Febrero a Marzo de 2024.<\/p>\n<p><strong>Horario<\/strong>: 05:30pm a 08:30pm y 05:30pm a 07:30h (Hora peninsular, Espa\u00f1a)<\/p>\n<p><strong>Niveles<\/strong>: Todos los niveles son bienvenidos.<\/p>\n<p><strong>Formato<\/strong>: Clases en directo con demos, ejercicios, feedback y tutor\u00edas. Las clases tambi\u00e9n quedar\u00e1n grabadas.<\/p>\n<p><strong>Idioma<\/strong> durante el taller: Espa\u00f1ol.<\/p>\n<p><strong>Precio<\/strong>: 390\u20ac<\/p>\n<p><strong>PLAZAS LIMITADAS. 12 M\u00c1XIMO.<\/strong><\/p>\n<p>A lo largo del curso, cubriremos:<\/p>\n<div>\n<p style=\"font-weight: 400;\"><strong>Semana 1<\/strong>: Presentaci\u00f3n. Din\u00e1mica general de las clases, calendario y tareas. Elecci\u00f3n de historia sobre la que trabajaremos durante las clases, ya sea propia o existente y se comenzar\u00e1 una exploraci\u00f3n inicial de los dise\u00f1os de 4-6 personajes.<\/p>\n<p>8 de Febrero. Jueves. 17:30 a 20:30h<\/p>\n<p>12 de Febrero. Lunes. 17:30h a 20:30h<\/p>\n<p>13 de Febrero. Martes. 17:30h a 20:30h<\/p>\n<p>14 de Febrero. Mi\u00e9rcoles. 17:30h a 19:30h<\/p>\n<p style=\"font-weight: 400;\"><strong>Semana 2<\/strong>. C\u00f3mo generar m\u00faltiples ideas y dise\u00f1os de un mismo personaje sin caer en la repetici\u00f3n, la importancia de la caricatura y sobre perder el miedo al error y la creatividad. Comenzaremos a dise\u00f1ar el\/la protagonista generando diferentes opciones bien diferenciadas.<\/p>\n<p>15 de Febrero. Jueves. 17:30 a 20:30h<\/p>\n<p>19 de Febrero. Lunes. 17:30h a 20:30h<\/p>\n<p>20 de Febrero. Martes.\u00a0 17:30h a 20:30h<\/p>\n<p>21 de Febrero. Mi\u00e9rcoles. 17:30h a 19:30h<\/p>\n<p style=\"font-weight: 400;\"><strong>Semana 3<\/strong>:<\/p>\n<p style=\"font-weight: 400;\">Continuaremos por la misma l\u00ednea esta semana. Trabajaremos en un personaje no humano (animal, robot, marioneta\u2026) y hablaremos sobre la importancia de las referencias y c\u00f3mo nos pueden ayudar a encontrar soluciones de dise\u00f1o m\u00e1s originales y creativas. Abordaremos el acabado del personaje, tanto en l\u00ednea como a color y dar\u00e9 consejos sobre c\u00f3mo presentar el trabajo de manera profesional.<\/p>\n<p style=\"font-weight: 400;\">Esta semana la dedicaremos a crear m\u00faltiples opciones de este personaje no humano aplicando todo lo aprendido en las semanas anteriores.<\/p>\n<p>22 de Febrero. Jueves. 17:30 a 20:30h<\/p>\n<p>26 de Febrero. Lunes. 17:30h a 20:30h<\/p>\n<p>27 de Febrero. Martes. 17:30h a 20:30h<\/p>\n<p>28 de Febrero. Mi\u00e9rcoles. 17:30h a 19:30h<\/p>\n<p style=\"font-weight: 400;\"><strong>Semana 4<\/strong>: Iniciaremos con una parte m\u00e1s t\u00e9cnica del dise\u00f1o. Tras escoger uno de los dise\u00f1os de los protagonistas como final empezaremos a trabajar el pack de modelo, desde los Turn Around hasta las hojas de poses y expresiones. La tarea ser\u00e1 realizar un Turn Around del dise\u00f1o escogido para que m\u00e1s tarde podamos realizar tanto las poses como las expresiones.<\/p>\n<p>29 de Febrero. Jueves. 17:30 a 20:30h<\/p>\n<p>4 de Marzo. Lunes. 17:30h a 20:30h<\/p>\n<p>5 de Marzo. Martes. 17:30h a 20:30h<\/p>\n<p>6 de Marzo. Mi\u00e9rcoles. 17:30h a 19:30h<\/p>\n<p style=\"font-weight: 400;\"><strong>Semana 5<\/strong>: Retomaremos las clases donde lo dejamos la semana anterior y explicaremos con m\u00e1s detenimiento c\u00f3mo posar y hacer expresar sentimientos reales a un personaje.\u00a0\u00a0Adem\u00e1s, habr\u00e1 una secci\u00f3n sobre ropa y arrugas y c\u00f3mo conseguir que nos ayuden a enfatizar la expresividad de nuestras poses. La tarea ser\u00e1 trabajar poses y expresiones del dise\u00f1o sobre el que se haya realizado el Turn Around.<\/p>\n<p>7 de Marzo. Jueves. 17:30 a 20:30h<\/p>\n<p>11 de Marzo. Lunes. 17:30h a 20:30h<\/p>\n<p>12 de Marzo. Martes. 17:30h a 20:30h<\/p>\n<p>13 de Marzo. Mi\u00e9rcoles. 17:30h a 19:30h<\/p>\n<p style=\"font-weight: 400;\"><strong>Semana 6<\/strong>: Esta \u00faltima semana nos centraremos en crear una ilustraci\u00f3n en la que aparezcan al menos dos personajes de la historia, centr\u00e1ndonos en c\u00f3mo hacer interactuar a los personajes de una historia y c\u00f3mo crear una narrativa interesante en nuestra imagen. Explicaremos tanto conceptos de acting para los personajes como de composici\u00f3n de la imagen y color de forma sencilla. La tarea ser\u00e1 realizar una ilustraci\u00f3n de un momento de la historia escogida.<\/p>\n<p style=\"font-weight: 400;\">El jueves de esta semana ser\u00e1 el \u00faltimo d\u00eda y aprovecharemos para revisar el trabajo de todos los alumnos y resolver cualquier tipo de duda que haya podido quedar sobre aspectos del dibujo, la industria de la animaci\u00f3n o la ilustraci\u00f3n.<\/p>\n<\/div>\n<p>\u25feMateriales recomendados: Pc o port\u00e1til, tableta y photoshop. L\u00e1piz y papel.<br \/>\n\u25feCualquier cuesti\u00f3n o duda al mail: info@lagaleriaroja.com<\/p>\n<p>&nbsp;<\/p>\n<p><strong>*Preguntas frecuentes<\/strong>:<\/p>\n<p>\u00bfQu\u00e9 pasa si un d\u00eda no puedo ver las clases en vivo?<\/p>\n<p>\u2022 Ning\u00fan problema. Todas las clases son en vivo pero tambi\u00e9n ser\u00e1n grabadas y publicadas en nuestra plataforma. Para que puedas verlos cuando quieras durante la duraci\u00f3n del curso. Esto significa que si no puedes asistir a tu clase en vivo a la hora estipulada, podr\u00e1s verlas en la plataforma hasta el final del curso. Estas videoclases publicadas en la plataforma se pueden visualizar de forma ilimitada durante la duraci\u00f3n del curso pero no se pueden copiar ni descargar. Tambi\u00e9n se podr\u00e1n visualizar durante 6 meses una vez finalizado el curso.<\/p>\n<p>\u00bfCu\u00e1ndo puedo ver en vivo las clases a las que no asist\u00ed?<\/p>\n<p>\u2022 Acceso a la plataforma virtual donde podr\u00e1s consultar toda la informaci\u00f3n o documentaci\u00f3n del curso, acceder a todas las clases ya impartidas o a los ejercicios propuestos.<\/p>\n<p>&nbsp;<\/p>\n","protected":false},"excerpt":{"rendered":"<p><strong>CURSO ONLINE: Dise\u00f1o de personajes con Alberto Exp\u00f3sito.\u00a0<\/strong><\/p>\n<p><strong>Duraci\u00f3n<\/strong>: 6 semanas. Febrero a Marzo de 2024.<\/p>\n<p><strong>Horario<\/strong>: 05:30pm a 08:30pm y 05:30pm a 07:30h (Hora peninsular, Espa\u00f1a)<\/p>\n<p><strong>Niveles<\/strong>: Todos los niveles son bienvenidos.<\/p>\n<p><strong>Formato<\/strong>: Clases en directo con demos, ejercicios, feedback y tutor\u00edas. Las clases tambi\u00e9n quedar\u00e1n grabadas.<\/p>\n<p><strong>Idioma<\/strong> durante el taller: Espa\u00f1ol.<\/p>\n<p><strong>Precio<\/strong>: 390\u20ac<\/p>\n<p><strong>PLAZAS LIMITADAS. 12 M\u00c1XIMO.<\/strong><\/p>\n<p>A lo largo del curso, cubriremos:<\/p>\n<div>\n<p style=\"font-weight: 400;\"><strong>Semana 1<\/strong>: Presentaci\u00f3n. Din\u00e1mica general de las clases, calendario y tareas. Elecci\u00f3n de historia sobre la que trabajaremos durante las clases, ya sea propia o existente y se comenzar\u00e1 una exploraci\u00f3n inicial de los dise\u00f1os de 4-6 personajes.<\/p>\n<p>8 de Febrero. Jueves. 17:30 a 20:30h<\/p>\n<p>12 de Febrero. Lunes. 17:30h a 20:30h<\/p>\n<p>13 de Febrero. Martes. 17:30h a 20:30h<\/p>\n<p>14 de Febrero. Mi\u00e9rcoles. 17:30h a 19:30h<\/p>\n<p style=\"font-weight: 400;\"><strong>Semana 2<\/strong>. C\u00f3mo generar m\u00faltiples ideas y dise\u00f1os de un mismo personaje sin caer en la repetici\u00f3n, la importancia de la caricatura y sobre perder el miedo al error y la creatividad. Comenzaremos a dise\u00f1ar el\/la protagonista generando diferentes opciones bien diferenciadas.<\/p>\n<p>15 de Febrero. Jueves. 17:30 a 20:30h<\/p>\n<p>19 de Febrero. Lunes. 17:30h a 20:30h<\/p>\n<p>20 de Febrero. Martes.\u00a0 17:30h a 20:30h<\/p>\n<p>21 de Febrero. Mi\u00e9rcoles. 17:30h a 19:30h<\/p>\n<p style=\"font-weight: 400;\"><strong>Semana 3<\/strong>:<\/p>\n<p style=\"font-weight: 400;\">Continuaremos por la misma l\u00ednea esta semana. Trabajaremos en un personaje no humano (animal, robot, marioneta\u2026) y hablaremos sobre la importancia de las referencias y c\u00f3mo nos pueden ayudar a encontrar soluciones de dise\u00f1o m\u00e1s originales y creativas. Abordaremos el acabado del personaje, tanto en l\u00ednea como a color y dar\u00e9 consejos sobre c\u00f3mo presentar el trabajo de manera profesional.<\/p>\n<p style=\"font-weight: 400;\">Esta semana la dedicaremos a crear m\u00faltiples opciones de este personaje no humano aplicando todo lo aprendido en las semanas anteriores.<\/p>\n<p>22 de Febrero. Jueves. 17:30 a 20:30h<\/p>\n<p>26 de Febrero. Lunes. 17:30h a 20:30h<\/p>\n<p>27 de Febrero. Martes. 17:30h a 20:30h<\/p>\n<p>28 de Febrero. Mi\u00e9rcoles. 17:30h a 19:30h<\/p>\n<p style=\"font-weight: 400;\"><strong>Semana 4<\/strong>: Iniciaremos con una parte m\u00e1s t\u00e9cnica del dise\u00f1o. Tras escoger uno de los dise\u00f1os de los protagonistas como final empezaremos a trabajar el pack de modelo, desde los Turn Around hasta las hojas de poses y expresiones. La tarea ser\u00e1 realizar un Turn Around del dise\u00f1o escogido para que m\u00e1s tarde podamos realizar tanto las poses como las expresiones.<\/p>\n<p>29 de Febrero. Jueves. 17:30 a 20:30h<\/p>\n<p>4 de Marzo. Lunes. 17:30h a 20:30h<\/p>\n<p>5 de Marzo. Martes. 17:30h a 20:30h<\/p>\n<p>6 de Marzo. Mi\u00e9rcoles. 17:30h a 19:30h<\/p>\n<p style=\"font-weight: 400;\"><strong>Semana 5<\/strong>: Retomaremos las clases donde lo dejamos la semana anterior y explicaremos con m\u00e1s detenimiento c\u00f3mo posar y hacer expresar sentimientos reales a un personaje.\u00a0\u00a0Adem\u00e1s, habr\u00e1 una secci\u00f3n sobre ropa y arrugas y c\u00f3mo conseguir que nos ayuden a enfatizar la expresividad de nuestras poses. La tarea ser\u00e1 trabajar poses y expresiones del dise\u00f1o sobre el que se haya realizado el Turn Around.<\/p>\n<p>7 de Marzo. Jueves. 17:30 a 20:30h<\/p>\n<p>11 de Marzo. Lunes. 17:30h a 20:30h<\/p>\n<p>12 de Marzo. Martes. 17:30h a 20:30h<\/p>\n<p>13 de Marzo. Mi\u00e9rcoles. 17:30h a 19:30h<\/p>\n<p style=\"font-weight: 400;\"><strong>Semana 6<\/strong>: Esta \u00faltima semana nos centraremos en crear una ilustraci\u00f3n en la que aparezcan al menos dos personajes de la historia, centr\u00e1ndonos en c\u00f3mo hacer interactuar a los personajes de una historia y c\u00f3mo crear una narrativa interesante en nuestra imagen. Explicaremos tanto conceptos de acting para los personajes como de composici\u00f3n de la imagen y color de forma sencilla. La tarea ser\u00e1 realizar una ilustraci\u00f3n de un momento de la historia escogida.<\/p>\n<p style=\"font-weight: 400;\">El jueves de esta semana ser\u00e1 el \u00faltimo d\u00eda y aprovecharemos para revisar el trabajo de todos los alumnos y resolver cualquier tipo de duda que haya podido quedar sobre aspectos del dibujo, la industria de la animaci\u00f3n o la ilustraci\u00f3n.<\/p>\n<\/div>\n<p>\u25feMateriales recomendados: Pc o port\u00e1til, tableta y photoshop. L\u00e1piz y papel.<br \/>\n\u25feCualquier cuesti\u00f3n o duda al mail: info@lagaleriaroja.com<\/p>\n<p>&nbsp;<\/p>\n<p><strong>*Preguntas frecuentes<\/strong>:<\/p>\n<p>\u00bfQu\u00e9 pasa si un d\u00eda no puedo ver las clases en vivo?<\/p>\n<p>\u2022 Ning\u00fan problema. Todas las clases son en vivo pero tambi\u00e9n ser\u00e1n grabadas y publicadas en nuestra plataforma. Para que puedas verlos cuando quieras durante la duraci\u00f3n del curso. Esto significa que si no puedes asistir a tu clase en vivo a la hora estipulada, podr\u00e1s verlas en la plataforma hasta el final del curso. Estas videoclases publicadas en la plataforma se pueden visualizar de forma ilimitada durante la duraci\u00f3n del curso pero no se pueden copiar ni descargar. Tambi\u00e9n se podr\u00e1n visualizar durante 6 meses una vez finalizado el curso.<\/p>\n<p>\u00bfCu\u00e1ndo puedo ver en vivo las clases a las que no asist\u00ed?<\/p>\n<p>\u2022 Acceso a la plataforma virtual donde podr\u00e1s consultar toda la informaci\u00f3n o documentaci\u00f3n del curso, acceder a todas las clases ya impartidas o a los ejercicios propuestos.<\/p>\n<p>&nbsp;<\/p>\n","protected":false},"featured_media":4019,"comment_status":"open","ping_status":"closed","template":"","meta":{"_acf_changed":false},"product_brand":[],"product_cat":[105],"product_tag":[],"class_list":{"0":"post-4001","1":"product","2":"type-product","3":"status-publish","4":"has-post-thumbnail","6":"product_cat-cursos-online-mensuales","8":"first","9":"outofstock","10":"virtual","11":"taxable","12":"purchasable","13":"product-type-simple"},"acf":[],"_links":{"self":[{"href":"https:\/\/lagaleriaroja.com\/en\/wp-json\/wp\/v2\/product\/4001","targetHints":{"allow":["GET"]}}],"collection":[{"href":"https:\/\/lagaleriaroja.com\/en\/wp-json\/wp\/v2\/product"}],"about":[{"href":"https:\/\/lagaleriaroja.com\/en\/wp-json\/wp\/v2\/types\/product"}],"replies":[{"embeddable":true,"href":"https:\/\/lagaleriaroja.com\/en\/wp-json\/wp\/v2\/comments?post=4001"}],"wp:featuredmedia":[{"embeddable":true,"href":"https:\/\/lagaleriaroja.com\/en\/wp-json\/wp\/v2\/media\/4019"}],"wp:attachment":[{"href":"https:\/\/lagaleriaroja.com\/en\/wp-json\/wp\/v2\/media?parent=4001"}],"wp:term":[{"taxonomy":"product_brand","embeddable":true,"href":"https:\/\/lagaleriaroja.com\/en\/wp-json\/wp\/v2\/product_brand?post=4001"},{"taxonomy":"product_cat","embeddable":true,"href":"https:\/\/lagaleriaroja.com\/en\/wp-json\/wp\/v2\/product_cat?post=4001"},{"taxonomy":"product_tag","embeddable":true,"href":"https:\/\/lagaleriaroja.com\/en\/wp-json\/wp\/v2\/product_tag?post=4001"}],"curies":[{"name":"wp","href":"https:\/\/api.w.org\/{rel}","templated":true}]}}