{"id":47,"date":"2021-07-06T19:44:05","date_gmt":"2021-07-06T19:44:05","guid":{"rendered":"https:\/\/www.lagaleriaroja.com\/?page_id=47"},"modified":"2023-07-21T12:31:38","modified_gmt":"2023-07-21T12:31:38","slug":"solicita-informacion","status":"publish","type":"page","link":"https:\/\/lagaleriaroja.com\/en\/solicita-informacion\/","title":{"rendered":"Info request"},"content":{"rendered":"<div class=\"wpcf7 no-js\" id=\"wpcf7-f50-o1\" lang=\"es-ES\" dir=\"ltr\" data-wpcf7-id=\"50\">\n<div class=\"screen-reader-response\"><p role=\"status\" aria-live=\"polite\" aria-atomic=\"true\"><\/p> <ul><\/ul><\/div>\n<form action=\"\/en\/wp-json\/wp\/v2\/pages\/47#wpcf7-f50-o1\" method=\"post\" class=\"wpcf7-form init\" aria-label=\"Formulario de contacto\" novalidate=\"novalidate\" data-status=\"init\">\n<div style=\"display: none;\">\n<input type=\"hidden\" name=\"_wpcf7\" value=\"50\" \/>\n<input type=\"hidden\" name=\"_wpcf7_version\" value=\"6.0.3\" \/>\n<input type=\"hidden\" name=\"_wpcf7_locale\" value=\"es_ES\" \/>\n<input type=\"hidden\" name=\"_wpcf7_unit_tag\" value=\"wpcf7-f50-o1\" \/>\n<input type=\"hidden\" name=\"_wpcf7_container_post\" value=\"0\" \/>\n<input type=\"hidden\" name=\"_wpcf7_posted_data_hash\" value=\"\" \/>\n<\/div>\n<fieldset class=\"cursos\" id=\"checkcursos\">\n<legend>Select one or more courses <\/legend>\n<span class=\"wpcf7-form-control-wrap curso\"><span class=\"wpcf7-form-control wpcf7-showws wpcf7-validates-as-required\" aria-required=\"true\" aria-describedby=\"wpcf7-f50-p47-o1-ve-workshop\"><div class=\"row\"><div class=\"col-3 col-lg-2 col-xl-1\"><span class=\"wpcf7-list-item\"><label class=\"\"><input class=\"lws\" type=\"checkbox\" name=\"workshop[]\"  value=\"Joao Ruas\"  id=\"workshop-8366\"  ><span class=\"wpcf7-list-item-label\"><figure><img decoding=\"async\" src=\"https:\/\/lagaleriaroja.com\/wp-content\/uploads\/2025\/12\/idyll-2-1.jpg\" alt=\"Ilustraci\u00f3n del autor Joao Ruas\" \/><figcaption>Workshop \u00b7 Face-to-face \u00b7  by Joao Ruas<\/figcaption><\/figure><\/span><\/label><\/span><\/div><div class=\"col-3 col-lg-2 col-xl-1\"><span class=\"wpcf7-list-item\"><label class=\"\"><input class=\"lws\" type=\"checkbox\" name=\"workshop[]\"  value=\"Raquel Catalina\"  id=\"workshop-8291\"  ><span class=\"wpcf7-list-item-label\"><figure><img decoding=\"async\" src=\"https:\/\/lagaleriaroja.com\/wp-content\/uploads\/2025\/12\/5-GR.jpg\" alt=\"Ilustraci\u00f3n del autor Raquel Catalina\" \/><figcaption>Workshop \u00b7 Face-to-face \u00b7 Ilustraci\u00f3n by Raquel Catalina<\/figcaption><\/figure><\/span><\/label><\/span><\/div><div class=\"col-3 col-lg-2 col-xl-1\"><span class=\"wpcf7-list-item\"><label class=\"\"><input class=\"lws\" type=\"checkbox\" name=\"workshop[]\"  value=\"Michelle Cheng\"  id=\"workshop-8663\"  ><span class=\"wpcf7-list-item-label\"><figure><img decoding=\"async\" src=\"https:\/\/lagaleriaroja.com\/wp-content\/uploads\/2026\/03\/5_Velonecy_01_v02-1-1.png\" alt=\"Ilustraci\u00f3n del autor Michelle Cheng\" \/><figcaption>Workshop \u00b7 online \u00b7  by Michelle Cheng<\/figcaption><\/figure><\/span><\/label><\/span><\/div><div class=\"col-3 col-lg-2 col-xl-1\"><span class=\"wpcf7-list-item\"><label class=\"\"><input class=\"lws\" type=\"checkbox\" name=\"workshop[]\"  value=\"Javier Zabala\"  id=\"workshop-8118\"  ><span class=\"wpcf7-list-item-label\"><figure><img decoding=\"async\" src=\"https:\/\/lagaleriaroja.com\/wp-content\/uploads\/2025\/11\/f56754dbcddbea844a2c3903495a93be.jpg\" alt=\"Ilustraci\u00f3n del autor Javier Zabala\" \/><figcaption>Workshop \u00b7 Face-to-face \u00b7 Ilustraci\u00f3n by Javier Zabala<\/figcaption><\/figure><\/span><\/label><\/span><\/div><div class=\"col-3 col-lg-2 col-xl-1\"><span class=\"wpcf7-list-item\"><label class=\"\"><input class=\"lws\" type=\"checkbox\" name=\"workshop[]\"  value=\"Victor Maury\"  id=\"workshop-8665\"  ><span class=\"wpcf7-list-item-label\"><figure><img decoding=\"async\" src=\"https:\/\/lagaleriaroja.com\/wp-content\/uploads\/2026\/03\/YorickLight4K-1.jpg\" alt=\"Ilustraci\u00f3n del autor Victor Maury\" \/><figcaption>Workshop \u00b7 online \u00b7 Illustration by Victor Maury<\/figcaption><\/figure><\/span><\/label><\/span><\/div><div class=\"col-3 col-lg-2 col-xl-1\"><span class=\"wpcf7-list-item\"><label class=\"\"><input class=\"lws\" type=\"checkbox\" name=\"workshop[]\"  value=\"Justine\"  id=\"workshop-8659\"  ><span class=\"wpcf7-list-item-label\"><figure><img decoding=\"async\" src=\"https:\/\/lagaleriaroja.com\/wp-content\/uploads\/2026\/03\/898_1-copy-2.png\" alt=\"Ilustraci\u00f3n del autor Justine\" \/><figcaption>Workshop \u00b7 online \u00b7 Vis Dev & Character Design by Justine <\/figcaption><\/figure><\/span><\/label><\/span><\/div><div class=\"col-3 col-lg-2 col-xl-1\"><span class=\"wpcf7-list-item\"><label class=\"\"><input class=\"lws\" type=\"checkbox\" name=\"workshop[]\"  value=\"Gabriel Nagyp\u00e1l\"  id=\"workshop-8661\"  ><span class=\"wpcf7-list-item-label\"><figure><img decoding=\"async\" src=\"https:\/\/lagaleriaroja.com\/wp-content\/uploads\/2026\/03\/gabriel-nagypal-02-interior-illustration-07-gn.jpg\" alt=\"Ilustraci\u00f3n del autor Gabriel Nagyp\u00e1l\" \/><figcaption>Workshop \u00b7 online \u00b7 Fantasy Interior Design by Gabriel Nagyp\u00e1l<\/figcaption><\/figure><\/span><\/label><\/span><\/div><div class=\"col-3 col-lg-2 col-xl-1\"><span class=\"wpcf7-list-item\"><label class=\"\"><input class=\"lws\" type=\"checkbox\" name=\"workshop[]\"  value=\"Justine Thibault\"  id=\"workshop-8657\"  ><span class=\"wpcf7-list-item-label\"><figure><img decoding=\"async\" src=\"https:\/\/lagaleriaroja.com\/wp-content\/uploads\/2026\/03\/justine-thibault-honda-004-2-1.jpg\" alt=\"Ilustraci\u00f3n del autor Justine Thibault\" \/><figcaption>Workshop \u00b7 online \u00b7 Illustration by Justine Thibault<\/figcaption><\/figure><\/span><\/label><\/span><\/div><div class=\"col-3 col-lg-2 col-xl-1\"><span class=\"wpcf7-list-item\"><label class=\"\"><input class=\"lws\" type=\"checkbox\" name=\"workshop[]\"  value=\"Wendell Dalit\"  id=\"workshop-8207\"  ><span class=\"wpcf7-list-item-label\"><figure><img decoding=\"async\" src=\"https:\/\/lagaleriaroja.com\/wp-content\/uploads\/2025\/11\/Wender-1.jpeg\" alt=\"Ilustraci\u00f3n del autor Wendell Dalit\" \/><figcaption>Workshop \u00b7 online \u00b7 Illustration by Wendell Dalit<\/figcaption><\/figure><\/span><\/label><\/span><\/div><div class=\"col-3 col-lg-2 col-xl-1\"><span class=\"wpcf7-list-item\"><label class=\"\"><input class=\"lws\" type=\"checkbox\" name=\"workshop[]\"  value=\"Simona Cojocariu\"  id=\"workshop-8655\"  ><span class=\"wpcf7-list-item-label\"><figure><img decoding=\"async\" src=\"https:\/\/lagaleriaroja.com\/wp-content\/uploads\/2026\/03\/simona-cojocariu-small-october-final-copy-2.jpg\" alt=\"Ilustraci\u00f3n del autor Simona Cojocariu\" \/><figcaption>Workshop \u00b7 online \u00b7 Background by Simona Cojocariu<\/figcaption><\/figure><\/span><\/label><\/span><\/div><div class=\"col-3 col-lg-2 col-xl-1\"><span class=\"wpcf7-list-item\"><label class=\"\"><input class=\"lws\" type=\"checkbox\" name=\"workshop[]\"  value=\"Maru Godas\"  id=\"workshop-8116\"  ><span class=\"wpcf7-list-item-label\"><figure><img decoding=\"async\" src=\"https:\/\/lagaleriaroja.com\/wp-content\/uploads\/2025\/11\/callao2-copia-1-1.jpg\" alt=\"Ilustraci\u00f3n del autor Maru Godas\" \/><figcaption>Workshop \u00b7 Face-to-face \u00b7  by Maru Godas<\/figcaption><\/figure><\/span><\/label><\/span><\/div><div class=\"col-3 col-lg-2 col-xl-1\"><span class=\"wpcf7-list-item\"><label class=\"\"><input class=\"lws\" type=\"checkbox\" name=\"workshop[]\"  value=\"Hugo Richards\"  id=\"workshop-8645\"  ><span class=\"wpcf7-list-item-label\"><figure><img decoding=\"async\" src=\"https:\/\/lagaleriaroja.com\/wp-content\/uploads\/2026\/03\/Lyliya-3.png\" alt=\"Ilustraci\u00f3n del autor Hugo Richards\" \/><figcaption>Workshop \u00b7 online \u00b7 Ilustraci\u00f3n by Hugo Richards<\/figcaption><\/figure><\/span><\/label><\/span><\/div><div class=\"col-3 col-lg-2 col-xl-1\"><span class=\"wpcf7-list-item\"><label class=\"\"><input class=\"lws\" type=\"checkbox\" name=\"workshop[]\"  value=\"Frannerd\"  id=\"workshop-8120\"  ><span class=\"wpcf7-list-item-label\"><figure><img decoding=\"async\" src=\"https:\/\/lagaleriaroja.com\/wp-content\/uploads\/2025\/11\/Fannerd.png\" alt=\"Ilustraci\u00f3n del autor Frannerd\" \/><figcaption>Workshop \u00b7 Face-to-face \u00b7 Ilustraci\u00f3n by Frannerd <\/figcaption><\/figure><\/span><\/label><\/span><\/div><div class=\"col-3 col-lg-2 col-xl-1\"><span class=\"wpcf7-list-item\"><label class=\"\"><input class=\"lws\" type=\"checkbox\" name=\"workshop[]\"  value=\"Arthus Pilorget\"  id=\"workshop-8582\"  ><span class=\"wpcf7-list-item-label\"><figure><img decoding=\"async\" src=\"https:\/\/lagaleriaroja.com\/wp-content\/uploads\/2026\/02\/ILLU_2024_Chased_17-1-1-1.jpg\" alt=\"Ilustraci\u00f3n del autor Arthus Pilorget\" \/><figcaption>Workshop \u00b7 online \u00b7  by Arthus Pilorget<\/figcaption><\/figure><\/span><\/label><\/span><\/div><div class=\"col-3 col-lg-2 col-xl-1\"><span class=\"wpcf7-list-item\"><label class=\"\"><input class=\"lws\" type=\"checkbox\" name=\"workshop[]\"  value=\"J\u00falia Sard\u00e0\"  id=\"workshop-8114\"  ><span class=\"wpcf7-list-item-label\"><figure><img decoding=\"async\" src=\"https:\/\/lagaleriaroja.com\/wp-content\/uploads\/2025\/11\/5.0.jpg\" alt=\"Ilustraci\u00f3n del autor J\u00falia Sard\u00e0\" \/><figcaption>Workshop \u00b7 Face-to-face \u00b7 Illustration by J\u00falia Sard\u00e0<\/figcaption><\/figure><\/span><\/label><\/span><\/div><div class=\"col-3 col-lg-2 col-xl-1\"><span class=\"wpcf7-list-item\"><label class=\"\"><input class=\"lws\" type=\"checkbox\" name=\"workshop[]\"  value=\"Ognjen Sporin\"  id=\"workshop-8580\"  ><span class=\"wpcf7-list-item-label\"><figure><img decoding=\"async\" src=\"https:\/\/lagaleriaroja.com\/wp-content\/uploads\/2026\/02\/ognjen-sporin-tony-two-tails-final-2.jpg\" alt=\"Ilustraci\u00f3n del autor Ognjen Sporin\" \/><figcaption>Workshop \u00b7 online \u00b7  by Ognjen Sporin<\/figcaption><\/figure><\/span><\/label><\/span><\/div><div class=\"col-3 col-lg-2 col-xl-1\"><span class=\"wpcf7-list-item\"><label class=\"\"><input class=\"lws\" type=\"checkbox\" name=\"workshop[]\"  value=\"Alberto Exp\u00f3sito\"  id=\"workshop-8578\"  ><span class=\"wpcf7-list-item-label\"><figure><img decoding=\"async\" src=\"https:\/\/lagaleriaroja.com\/wp-content\/uploads\/2026\/02\/Ilustracion-sin-titulo-3-1-1.jpeg\" alt=\"Ilustraci\u00f3n del autor Alberto Exp\u00f3sito\" \/><figcaption>Workshop \u00b7 online \u00b7 Character Design by Alberto Exp\u00f3sito<\/figcaption><\/figure><\/span><\/label><\/span><\/div><div class=\"col-3 col-lg-2 col-xl-1\"><span class=\"wpcf7-list-item\"><label class=\"\"><input class=\"lws\" type=\"checkbox\" name=\"workshop[]\"  value=\"\u00c1lvaro Escobar\"  id=\"workshop-8144\"  ><span class=\"wpcf7-list-item-label\"><figure><img decoding=\"async\" src=\"https:\/\/lagaleriaroja.com\/wp-content\/uploads\/2025\/11\/Untitled_Artwork-6-1.jpeg\" alt=\"Ilustraci\u00f3n del autor \u00c1lvaro Escobar\" \/><figcaption>Workshop \u00b7 online \u00b7 Portraits by \u00c1lvaro Escobar<\/figcaption><\/figure><\/span><\/label><\/span><\/div><div class=\"col-3 col-lg-2 col-xl-1\"><span class=\"wpcf7-list-item\"><label class=\"\"><input class=\"lws\" type=\"checkbox\" name=\"workshop[]\"  value=\"Kevin Zamir Goeke\"  id=\"workshop-8572\"  ><span class=\"wpcf7-list-item-label\"><figure><img decoding=\"async\" src=\"https:\/\/lagaleriaroja.com\/wp-content\/uploads\/2026\/02\/2020.jpg\" alt=\"Ilustraci\u00f3n del autor Kevin Zamir Goeke\" \/><figcaption>Workshop \u00b7 online \u00b7 Abstract & Figurative Design by Kevin Zamir Goeke<\/figcaption><\/figure><\/span><\/label><\/span><\/div><div class=\"col-3 col-lg-2 col-xl-1\"><span class=\"wpcf7-list-item\"><label class=\"\"><input class=\"lws\" type=\"checkbox\" name=\"workshop[]\"  value=\"David Ko\"  id=\"workshop-8256\"  ><span class=\"wpcf7-list-item-label\"><figure><img decoding=\"async\" src=\"https:\/\/lagaleriaroja.com\/wp-content\/uploads\/2025\/12\/david-ko-dark-chosun-1-3.jpg\" alt=\"Ilustraci\u00f3n del autor David Ko\" \/><figcaption>Workshop \u00b7 online \u00b7 Character Design for Games by David Ko<\/figcaption><\/figure><\/span><\/label><\/span><\/div><div class=\"col-3 col-lg-2 col-xl-1\"><span class=\"wpcf7-list-item\"><label class=\"\"><input class=\"lws\" type=\"checkbox\" name=\"workshop[]\"  value=\"CURSO ANUAL ONLINE DE ILUSTRACI\u00d3N\"  id=\"workshop-7114\"  ><span class=\"wpcf7-list-item-label\"><figure><img decoding=\"async\" src=\"https:\/\/lagaleriaroja.com\/wp-content\/uploads\/2025\/03\/CURSO-ONLINE-MATINAL-25-26-SIN-3.png\" alt=\"Ilustraci\u00f3n del autor CURSO ANUAL ONLINE DE ILUSTRACI\u00d3N\" \/><figcaption>Workshop \u00b7 online \u00b7 Ilustraci\u00f3n by CURSO ANUAL ILUSTRACI\u00d3N <\/figcaption><\/figure><\/span><\/label><\/span><\/div><div class=\"col-3 col-lg-2 col-xl-1\"><span class=\"wpcf7-list-item\"><label class=\"\"><input class=\"lws\" type=\"checkbox\" name=\"workshop[]\"  value=\"Kuya Jaypi\"  id=\"workshop-5659\"  ><span class=\"wpcf7-list-item-label\"><figure><img decoding=\"async\" src=\"https:\/\/lagaleriaroja.com\/wp-content\/uploads\/2024\/07\/kuya-jaypi-chunli-kuyajaypi.jpg\" alt=\"Ilustraci\u00f3n del autor Kuya Jaypi\" \/><figcaption>Workshop \u00b7 online \u00b7 Illustration by Kuya Jaypi<\/figcaption><\/figure><\/span><\/label><\/span><\/div><div class=\"col-3 col-lg-2 col-xl-1\"><span class=\"wpcf7-list-item\"><label class=\"\"><input class=\"lws\" type=\"checkbox\" name=\"workshop[]\"  value=\"Paul-Emmanuel Separi\"  id=\"workshop-6067\"  ><span class=\"wpcf7-list-item-label\"><figure><img decoding=\"async\" src=\"https:\/\/lagaleriaroja.com\/wp-content\/uploads\/2024\/09\/ILLU-3.jpg\" alt=\"Ilustraci\u00f3n del autor Paul-Emmanuel Separi\" \/><figcaption>Workshop \u00b7 online \u00b7 Illustration by Paul-Emmanuel Separi<\/figcaption><\/figure><\/span><\/label><\/span><\/div><div class=\"col-3 col-lg-2 col-xl-1\"><span class=\"wpcf7-list-item\"><label class=\"\"><input class=\"lws\" type=\"checkbox\" name=\"workshop[]\"  value=\"Maca Gil\"  id=\"workshop-4518\"  ><span class=\"wpcf7-list-item-label\"><figure><img decoding=\"async\" src=\"https:\/\/lagaleriaroja.com\/wp-content\/uploads\/2023\/12\/2.png\" alt=\"Ilustraci\u00f3n del autor Maca Gil\" \/><figcaption>Workshop \u00b7 Monthly online  \u00b7 Storyboard by Maca Gil<\/figcaption><\/figure><\/span><\/label><\/span><\/div><div class=\"col-3 col-lg-2 col-xl-1\"><span class=\"wpcf7-list-item\"><label class=\"\"><input class=\"lws\" type=\"checkbox\" name=\"workshop[]\"  value=\"Magenta Muraca\"  id=\"workshop-4476\"  ><span class=\"wpcf7-list-item-label\"><figure><img decoding=\"async\" src=\"https:\/\/lagaleriaroja.com\/wp-content\/uploads\/2023\/12\/abyss_anfibio-copy.png\" alt=\"Ilustraci\u00f3n del autor Magenta Muraca\" \/><figcaption>Workshop \u00b7 Monthly online  \u00b7 Character Design & Vis Dev by Magenta Muraca<\/figcaption><\/figure><\/span><\/label><\/span><\/div><div class=\"col-3 col-lg-2 col-xl-1\"><span class=\"wpcf7-list-item\"><label class=\"\"><input class=\"lws\" type=\"checkbox\" name=\"workshop[]\"  value=\"Mar\u00eda Pareja\"  id=\"workshop-4362\"  ><span class=\"wpcf7-list-item-label\"><figure><img decoding=\"async\" src=\"https:\/\/lagaleriaroja.com\/wp-content\/uploads\/2023\/12\/MP07.png\" alt=\"Ilustraci\u00f3n del autor Mar\u00eda Pareja\" \/><figcaption>Workshop \u00b7 Monthly online  \u00b7 Storytelling through characters and backgrounds by Mar\u00eda Pareja<\/figcaption><\/figure><\/span><\/label><\/span><\/div><div class=\"col-3 col-lg-2 col-xl-1\"><span class=\"wpcf7-list-item\"><label class=\"\"><input class=\"lws\" type=\"checkbox\" name=\"workshop[]\"  value=\"Rafater\"  id=\"workshop-4606\"  ><span class=\"wpcf7-list-item-label\"><figure><img decoding=\"async\" src=\"https:\/\/lagaleriaroja.com\/wp-content\/uploads\/2024\/01\/rafater-denakush-frame-02-final-insta-copy-1-1.jpg\" alt=\"Ilustraci\u00f3n del autor Rafater\" \/><figcaption>Workshop \u00b7 Monthly online  \u00b7 3D para Cocept Art & Ilustraci\u00f3n by Rafater <\/figcaption><\/figure><\/span><\/label><\/span><\/div><div class=\"col-3 col-lg-2 col-xl-1\"><span class=\"wpcf7-list-item\"><label class=\"\"><input class=\"lws\" type=\"checkbox\" name=\"workshop[]\"  value=\"Domenico Russo\"  id=\"workshop-4181\"  ><span class=\"wpcf7-list-item-label\"><figure><img decoding=\"async\" src=\"https:\/\/lagaleriaroja.com\/wp-content\/uploads\/2023\/11\/DOMENICO-RUSSO.jpg\" alt=\"Ilustraci\u00f3n del autor Domenico Russo\" \/><figcaption>Workshop \u00b7 Monthly online  \u00b7 Children Book Illustrations by Domenico Russo<\/figcaption><\/figure><\/span><\/label><\/span><\/div><div class=\"col-3 col-lg-2 col-xl-1\"><span class=\"wpcf7-list-item\"><label class=\"\"><input class=\"lws\" type=\"checkbox\" name=\"workshop[]\"  value=\"Nuria Tamarit\"  id=\"workshop-4021\"  ><span class=\"wpcf7-list-item-label\"><figure><img decoding=\"async\" src=\"https:\/\/lagaleriaroja.com\/wp-content\/uploads\/2023\/11\/4_Tamarit-1-1.jpg\" alt=\"Ilustraci\u00f3n del autor Nuria Tamarit\" \/><figcaption>Workshop \u00b7 online \u00b7 Illustration by Nuria Tamarit<\/figcaption><\/figure><\/span><\/label><\/span><\/div><div class=\"col-3 col-lg-2 col-xl-1\"><span class=\"wpcf7-list-item\"><label class=\"\"><input class=\"lws\" type=\"checkbox\" name=\"workshop[]\"  value=\"Fernando Gonz\u00e1lez Malato\"  id=\"workshop-4196\"  ><span class=\"wpcf7-list-item-label\"><figure><img decoding=\"async\" src=\"https:\/\/lagaleriaroja.com\/wp-content\/uploads\/2023\/11\/family-prueba-rough-fondo.png\" alt=\"Ilustraci\u00f3n del autor Fernando Gonz\u00e1lez Malato\" \/><figcaption>Workshop \u00b7 Monthly online  \u00b7 Character Design by Fernando Gonz\u00e1lez Malato<\/figcaption><\/figure><\/span><\/label><\/span><\/div><div class=\"col-3 col-lg-2 col-xl-1\"><span class=\"wpcf7-list-item\"><label class=\"\"><input class=\"lws\" type=\"checkbox\" name=\"workshop[]\"  value=\"Rafater\"  id=\"workshop-3785\"  ><span class=\"wpcf7-list-item-label\"><figure><img decoding=\"async\" src=\"https:\/\/lagaleriaroja.com\/wp-content\/uploads\/2023\/09\/rafater-denakush-frame-02-final-insta-copy.jpg\" alt=\"Ilustraci\u00f3n del autor Rafater\" \/><figcaption>Workshop \u00b7 online \u00b7 3D Concept Art by Rafater <\/figcaption><\/figure><\/span><\/label><\/span><\/div><div class=\"col-3 col-lg-2 col-xl-1\"><span class=\"wpcf7-list-item\"><label class=\"\"><input class=\"lws\" type=\"checkbox\" name=\"workshop[]\"  value=\"Costa Dvorezky.\"  id=\"workshop-4294\"  ><span class=\"wpcf7-list-item-label\"><figure><img decoding=\"async\" src=\"https:\/\/lagaleriaroja.com\/wp-content\/uploads\/2023\/11\/GAL-costa-01-10219-copia-1.jpg\" alt=\"Ilustraci\u00f3n del autor Costa Dvorezky.\" \/><figcaption>Workshop \u00b7 Face-to-face \u00b7 Pintura by Costa  Dvorezky.<\/figcaption><\/figure><\/span><\/label><\/span><\/div><\/div><\/span><span class=\"wpcf7-not-valid-tip\" id=\"avisocurso\" style=\"display:none\">Selecciona al menos un curso.<\/span><\/span>\n<\/fieldset>\n\n\n\n<label> Your name: <\/label><span class=\"wpcf7-form-control-wrap\" data-name=\"your-name\"><input size=\"40\" maxlength=\"400\" class=\"wpcf7-form-control wpcf7-text wpcf7-validates-as-required\" aria-required=\"true\" aria-invalid=\"false\" placeholder=\"Write your name here\" value=\"\" type=\"text\" name=\"your-name\" \/><\/span>\n<label> Your email: <\/label><span class=\"wpcf7-form-control-wrap\" data-name=\"your-email\"><input size=\"40\" maxlength=\"400\" class=\"wpcf7-form-control wpcf7-email wpcf7-validates-as-required wpcf7-text wpcf7-validates-as-email\" aria-required=\"true\" aria-invalid=\"false\" placeholder=\"Write your email here\" value=\"\" type=\"email\" name=\"your-email\" \/><\/span>\n\n<div class=\"anr_captcha_field\"><div id=\"anr_captcha_field_1\" class=\"anr_captcha_field_div\"><\/div><\/div><span class=\"wpcf7-form-control-wrap g-recaptcha-response\"><\/span><div style=\"font-size:1.2em;color:#fff;background-color:#000;padding:10px;margin:10px 0;\">ATTENTION. Please, check your SPAM or PROMOTION tray. Sometimes our mail can reach those email inboxes.<\/div>\n<input class=\"wpcf7-form-control wpcf7-submit has-spinner\" type=\"submit\" value=\"Enviar\" \/><div class=\"wpcf7-response-output\" aria-hidden=\"true\"><\/div>\n<\/form>\n<\/div>","protected":false},"excerpt":{"rendered":"Select one or more courses Workshop \u00b7 Face-to-face \u00b7 by Joao RuasWorkshop \u00b7 Face-to-face \u00b7 Ilustraci\u00f3n by Raquel CatalinaWorkshop \u00b7 online \u00b7 by Michelle ChengWorkshop \u00b7 Face-to-face \u00b7 Ilustraci\u00f3n by Javier ZabalaWorkshop \u00b7 online \u00b7 Illustration by Victor MauryWorkshop \u00b7 [...]","protected":false},"author":1,"featured_media":0,"parent":0,"menu_order":0,"comment_status":"closed","ping_status":"closed","template":"templates\/general.php","meta":{"_acf_changed":false,"footnotes":""},"class_list":["post-47","page","type-page","status-publish","hentry"],"acf":[],"_links":{"self":[{"href":"https:\/\/lagaleriaroja.com\/en\/wp-json\/wp\/v2\/pages\/47","targetHints":{"allow":["GET"]}}],"collection":[{"href":"https:\/\/lagaleriaroja.com\/en\/wp-json\/wp\/v2\/pages"}],"about":[{"href":"https:\/\/lagaleriaroja.com\/en\/wp-json\/wp\/v2\/types\/page"}],"author":[{"embeddable":true,"href":"https:\/\/lagaleriaroja.com\/en\/wp-json\/wp\/v2\/users\/1"}],"replies":[{"embeddable":true,"href":"https:\/\/lagaleriaroja.com\/en\/wp-json\/wp\/v2\/comments?post=47"}],"version-history":[{"count":13,"href":"https:\/\/lagaleriaroja.com\/en\/wp-json\/wp\/v2\/pages\/47\/revisions"}],"predecessor-version":[{"id":3581,"href":"https:\/\/lagaleriaroja.com\/en\/wp-json\/wp\/v2\/pages\/47\/revisions\/3581"}],"wp:attachment":[{"href":"https:\/\/lagaleriaroja.com\/en\/wp-json\/wp\/v2\/media?parent=47"}],"curies":[{"name":"wp","href":"https:\/\/api.w.org\/{rel}","templated":true}]}}