{"id":244,"date":"2021-07-22T18:33:31","date_gmt":"2021-07-22T18:33:31","guid":{"rendered":"https:\/\/www.lagaleriaroja.com\/?page_id=244"},"modified":"2025-08-18T20:08:28","modified_gmt":"2025-08-18T20:08:28","slug":"sobre-nosotros","status":"publish","type":"page","link":"https:\/\/lagaleriaroja.com\/en\/sobre-nosotros\/","title":{"rendered":"About us"},"content":{"rendered":"<p>[vc_row][vc_column width=&#8221;1\/2&#8243;][vc_column_text]<span class=\"im\"><strong>LaGaler\u00edaRoja<\/strong>\u00a0es un espacio expositivo de arte contempor\u00e1neo y centro de estudios art\u00edsticos.\u00a0<\/span><\/p>\n<p>Fundada en 2012 por Lola Zeh\u00ednos y David Rodr\u00edguez.<\/p>\n<div>\n<div><span style=\"color: #414042; font-family: akzidenz-grotesk_bqmedium, sans-serif;\">Centrada en la realizaci\u00f3n de eventos, exposici<span class=\"gmail_default\">ones<\/span>\u00a0y workshops.<\/span><span style=\"color: #414042; font-family: akzidenz-grotesk_bqmedium, sans-serif;\">\u00a0<\/span><\/div>\n<div><\/div>\n<div><span style=\"color: #414042; font-family: akzidenz-grotesk_bqmedium, sans-serif;\">A lo largo de los casi 10 a\u00f1os de vida de la galer\u00eda hemos realizado workshops de ilustraci\u00f3n, pintura, dibujo y caligraf\u00eda con casi medio millar de artistas, tales como:\u00a0\u00a0<\/span><\/div>\n<div><span style=\"color: #414042; font-family: akzidenz-grotesk_bqmedium, sans-serif;\">Rebecca Dautremer, Benjamin Lacombe, Yuko Shimizy, Karl Kopinsky, Scott McCloud, John Howe, Gerald Pareld, Steve Simpson, Jama Jurabaev, Beeple, Iraville, Pascal Campion, Pernille, Frannerd, Marco Mazzoni, TB Choi, Aveline Stockart, Beatrice Blue, Raphael Lacoste, Julia Sard\u00e1, Yun Ling, Jake Parker, Bill Swach, Aaaron Blaise, Loish, Flavita Banana,\u00a0 Karla Ortiz, Peter Emmerich, Lorelay Bov\u00e9, David Kassan, Eloy Morales, Teresa Oaxaca, Nick Alm, Cesar Santos, Denis Sarazhin, Juan Ruiz, Sainer Etam, Iv\u00e1n Castro, Luca Barcellona, Oriol Mir\u00f3, Jacob Dhein, Dino Valss, Nick Runge, Nicolas Uribe, Jordan Sokol, Antonio Barahona, Felicia Forte, Costa Dvorezky y un largo ec\u00e9tera.\u00a0<\/span><\/div>\n<div><span style=\"color: #414042; font-family: akzidenz-grotesk_bqmedium, sans-serif;\">As\u00ed como exposiciones individuales y colectivas con la participaci\u00f3n de:\u00a0<\/span><\/div>\n<div><span style=\"color: #414042; font-family: akzidenz-grotesk_bqmedium, sans-serif;\">Mar\u00eda Hesse, Ricardo Cavolo, Flavita Banana, Little Exhibitions, \u00c1greda, Carla Fuentes, Conrad Roset, Irene Mala, Amaia Arrazola, Adolfo Serra, Javito Ruiz, Antonio Barahona, Xavier Xol\u00e1, Martin Sat\u00ed, etc<span class=\"gmail_default\">.<\/span><\/span><\/div>\n<div><span style=\"color: #414042; font-family: akzidenz-grotesk_bqmedium, sans-serif;\">\u00a0<\/span><\/div>\n<div><span class=\"im\">Calle Peral 57. 41002. Sevilla.<br \/>\n<\/span>\u00a9\u00a0<span class=\"gmail_default\">sin.\u00a0<\/span>2012<\/div>\n<\/div>\n<p>[\/vc_column_text][\/vc_column][vc_column width=&#8221;1\/2&#8243;][vc_single_image image=&#8221;311&#8243; img_size=&#8221;full&#8221;][vc_empty_space][vc_single_image image=&#8221;352&#8243; img_size=&#8221;full&#8221;][\/vc_column][\/vc_row]<\/p>\n","protected":false},"excerpt":{"rendered":"<p>[vc_row][vc_column width=&#8221;1\/2&#8243;][vc_column_text]LaGaler\u00edaRoja\u00a0es un espacio expositivo de arte contempor\u00e1neo y centro de estudios art\u00edsticos.\u00a0 Fundada en 2012 por Lola Zeh\u00ednos y David Rodr\u00edguez. Centrada en la realizaci\u00f3n de eventos, exposiciones\u00a0y workshops.\u00a0 A lo largo de los casi 10 a\u00f1os de vida [&hellip;]<\/p>\n","protected":false},"author":1,"featured_media":0,"parent":0,"menu_order":0,"comment_status":"closed","ping_status":"closed","template":"templates\/general.php","meta":{"_acf_changed":false,"footnotes":""},"class_list":["post-244","page","type-page","status-publish","hentry"],"acf":[],"_links":{"self":[{"href":"https:\/\/lagaleriaroja.com\/en\/wp-json\/wp\/v2\/pages\/244","targetHints":{"allow":["GET"]}}],"collection":[{"href":"https:\/\/lagaleriaroja.com\/en\/wp-json\/wp\/v2\/pages"}],"about":[{"href":"https:\/\/lagaleriaroja.com\/en\/wp-json\/wp\/v2\/types\/page"}],"author":[{"embeddable":true,"href":"https:\/\/lagaleriaroja.com\/en\/wp-json\/wp\/v2\/users\/1"}],"replies":[{"embeddable":true,"href":"https:\/\/lagaleriaroja.com\/en\/wp-json\/wp\/v2\/comments?post=244"}],"version-history":[{"count":12,"href":"https:\/\/lagaleriaroja.com\/en\/wp-json\/wp\/v2\/pages\/244\/revisions"}],"predecessor-version":[{"id":7842,"href":"https:\/\/lagaleriaroja.com\/en\/wp-json\/wp\/v2\/pages\/244\/revisions\/7842"}],"wp:attachment":[{"href":"https:\/\/lagaleriaroja.com\/en\/wp-json\/wp\/v2\/media?parent=244"}],"curies":[{"name":"wp","href":"https:\/\/api.w.org\/{rel}","templated":true}]}}